{"id":5212,"date":"2024-10-02T09:36:16","date_gmt":"2024-10-02T07:36:16","guid":{"rendered":"https:\/\/koenigseggwald.de\/?page_id=5212"},"modified":"2024-10-02T09:36:31","modified_gmt":"2024-10-02T07:36:31","slug":"billigungsbeschluss","status":"publish","type":"page","link":"https:\/\/koenigseggwald.de\/index.php\/bebauungsplaene\/billigungsbeschluss\/","title":{"rendered":"Billigungsbeschluss"},"content":{"rendered":"<p>[vc_row full_width=&#8220;stretch_row_content_no_spaces&#8220; parallax=&#8220;content-moving-fade&#8220; parallax_image=&#8220;923&#8243; parallax_speed_bg=&#8220;1&#8243; css=&#8220;.vc_custom_1530779228897{padding-top: 200px !important;padding-bottom: 200px !important;}&#8220;][vc_column][vc_custom_heading text=&#8220;Bebauungspl\u00e4ne&#8220; font_container=&#8220;tag:h2|text_align:center|color:%23ffffff&#8220; google_fonts=&#8220;font_family:Roboto%3A100%2C100italic%2C300%2C300italic%2Cregular%2Citalic%2C500%2C500italic%2C700%2C700italic%2C900%2C900italic|font_style:400%20regular%3A400%3Anormal&#8220;][\/vc_column][\/vc_row][vc_row][vc_column][vc_column_text]Gemeinde K\u00f6nigseggwald<br \/>\nLandkreis Ravensburg<\/p>\n<h3><strong>\u00d6ffentliche Bekanntmachung<\/strong><\/h3>\n<p style=\"text-align: center;\"><strong>Billigungsbeschluss<\/strong><\/p>\n<p style=\"text-align: center;\"><strong>&#8211; Fr\u00fchzeitige Beteiligung der \u00d6ffentlichkeit &#8211;<\/strong><\/p>\n<p>&nbsp;<\/p>\n<p style=\"text-align: center;\"><strong>1. Bebauungsplanvorentwurf \u201eOzetweiher II\u201c<\/strong><\/p>\n<p style=\"text-align: center;\"><strong>2. \u00d6rtliche Bauvorschriften zum Bebauungsplan \u201eOzetweiher II\u201c<\/strong><\/p>\n<p>&nbsp;<\/p>\n<p style=\"text-align: center;\"><strong>Gemeinde K\u00f6nigseggwald<\/strong><\/p>\n<p>Der Gemeinderat der Gemeinde K\u00f6nigseggwald hat am 27.07.2023 in \u00f6ffentlicher Sitzung den Vorentwurf des Bebauungsplans \u201cOzetweiher II\u201c, Gemeinde K\u00f6nigseggwald, und den Vorentwurf der \u00d6rtlichen Bauvorschriften zum Bebauungsplan \u201cOzetweiher II\u201c, Gemeinde K\u00f6nigseggwald, gebilligt und beschlossen, eine fr\u00fchzeitige Beteiligung der \u00d6ffentlichkeit nach \u00a7 3 Abs. 1 Baugesetzbuch durchzuf\u00fchren.<\/p>\n<p><strong>Verfahren<\/strong><br \/>\nDer Bebauungsplan dient der Einbeziehung von Au\u00dfenbereichsfl\u00e4chen in den Innenbereich nach \u00a7 13b Baugesetzbuch. Die Zul\u00e4ssigkeitsvoraussetzungen des \u00a7 13b Baugesetzbuch sind gegeben, es wird eine zul\u00e4ssige Grundfl\u00e4che von ca. 7.080 m\u00b2 festgelegt und das Plangebiet befindet sich im direkten Anschluss an bestehende Wohnbebauung.<br \/>\nEs werden keine Vorhaben festgesetzt, die einer Pflicht zur Durchf\u00fchrung einer Umweltver-tr\u00e4glichkeitspr\u00fcfung unterliegen. Anhaltspunkte f\u00fcr eine Beeintr\u00e4chtigung der in \u00a7 1 Abs. 6 Nr. 7 Buchstabe b BauGB genannten Schutzg\u00fcter und f\u00fcr die Notwendigkeit der Einhaltung von Pflichten zur Vermeidung oder Begrenzung der Auswirkungen von schweren Unf\u00e4llen nach \u00a7 50 S. 1 BImSchG liegen nicht vor.<br \/>\nEine Umweltpr\u00fcfung gem\u00e4\u00df \u00a7 2 (4) BauGB und naturschutzrechtliche Ausgleichsma\u00dfnah-men sind formal nicht erforderlich, werden jedoch im weiteren Verfahren erg\u00e4nzt. Eine Ein-griffs- \/ Ausgleichsbilanzierung wird ebenfalls im weiteren Verfahren erstellt. Damit wird die Option des Wechsels der Verfahrensart hin zum Regelverfahren erm\u00f6glicht, sollte dies auf-grund sich \u00e4ndernder rechtlicher Grundlagen bez\u00fcglich des \u00a7 13 b BauGB notwendig werden.<\/p>\n<p><strong>Ziel und Zweck der Planung<\/strong><br \/>\nDie Gemeinde K\u00f6nigseggwald beabsichtigt die Weiterentwicklung des Wohngebiets \u201eOzet-weiher\u201c in Richtung Osten zur Deckung des aktuellen Wohnraumbedarfs. Mit der Aufstellung des Bebauungsplans \u201eOzetweiher II\u201c werden die planungsrechtlichen Voraussetzungen f\u00fcr die Erschlie\u00dfung des Baugebiets geschaffen und die geordnete st\u00e4dtebauliche Entwicklung f\u00fcr diesen Bereich gesichert sowie dem weiterhin hohen Bedarf an Wohnbaugrundst\u00fccken sowie den modernen Wohn- und Arbeitsbed\u00fcrfnissen der Bev\u00f6lkerung in geeigneter Weise Rech-nung getragen.<\/p>\n<p>Das Plangebiet befindet sich am \u00f6stlichen Siedlungsrand von K\u00f6nigseggwald. Es wird be-grenzt im Norden durch den Feldweg Flst. Nr. 822, im Osten durch den Grasweg Flst. Nr. 827 und im S\u00fcden durch den Grasweg Flst. Nr. 835. Im Westen schlie\u00dft die bestehende Wohnbe-bauung an.<\/p>\n<p>Der Geltungsbereich umfasst die Flurst\u00fccke Nr. 807, 808, 809, 810, 811, 813 (teilweise), 814 (teilweise), 822 (teilweise), 835 (teilweise) sowie 836 (teilweise).<br \/>\nDie Gr\u00f6\u00dfe des r\u00e4umlichen Geltungsbereichs betr\u00e4gt in dieser Abgrenzung ca. 2,46 ha.<\/p>\n<p>Das Plangebiet wird wie in der nachfolgenden Planzeichnung dargestellt begrenzt:<\/p>\n<p>&nbsp;<\/p>\n<p><img loading=\"lazy\" decoding=\"async\" class=\"alignnone wp-image-4570 size-large\" src=\"https:\/\/koenigseggwald.de\/wp-content\/uploads\/2023\/08\/Ozetweiher-II-1024x1013.jpg\" alt=\"\" width=\"1024\" height=\"1013\" srcset=\"https:\/\/koenigseggwald.de\/wp-content\/uploads\/2023\/08\/Ozetweiher-II-1024x1013.jpg 1024w, https:\/\/koenigseggwald.de\/wp-content\/uploads\/2023\/08\/Ozetweiher-II-300x297.jpg 300w, https:\/\/koenigseggwald.de\/wp-content\/uploads\/2023\/08\/Ozetweiher-II-768x760.jpg 768w, https:\/\/koenigseggwald.de\/wp-content\/uploads\/2023\/08\/Ozetweiher-II-1536x1520.jpg 1536w, https:\/\/koenigseggwald.de\/wp-content\/uploads\/2023\/08\/Ozetweiher-II-148x146.jpg 148w, https:\/\/koenigseggwald.de\/wp-content\/uploads\/2023\/08\/Ozetweiher-II-50x50.jpg 50w, https:\/\/koenigseggwald.de\/wp-content\/uploads\/2023\/08\/Ozetweiher-II-76x75.jpg 76w, https:\/\/koenigseggwald.de\/wp-content\/uploads\/2023\/08\/Ozetweiher-II-85x85.jpg 85w, https:\/\/koenigseggwald.de\/wp-content\/uploads\/2023\/08\/Ozetweiher-II-80x80.jpg 80w, https:\/\/koenigseggwald.de\/wp-content\/uploads\/2023\/08\/Ozetweiher-II.jpg 1600w\" sizes=\"auto, (max-width:767px) 700px, (max-width:1024px) 100vw, 1024px\" \/><br \/>\nIm Einzelnen gilt f\u00fcr den Bebauungsplanvorentwurf die Planzeichnung (Teil A) und der Schriftliche Teil (Teil B 1.), f\u00fcr den Vorentwurf der Satzung \u00fcber die \u00d6rtlichen Bauvorschriften die Planzeichnung (Teil A) und der Schriftliche Teil (Teil B 2.), jeweils mit dem Datum vom 27.07.2023.<\/p>\n<p><strong>Fr\u00fchzeitige Beteiligung der \u00d6ffentlichkeit<\/strong><br \/>\nEs besteht f\u00fcr jedermann die M\u00f6glichkeit die Planung mit Vertretern der Verwaltung zu er\u00f6r-tern und sich zu der Planung zu \u00e4u\u00dfern.<\/p>\n<p>Der Vorentwurf des Bebauungsplans und der Vorentwurf der \u00d6rtlichen Bauvorschriften wer-den mit Begr\u00fcndung und den nach Einsch\u00e4tzung der Gemeinde wesentlichen, bereits vorlie-genden umweltbezogenen Stellungnahmen und den umweltbezogenen Informationen (hier: Umweltinformation mit artenschutzrechtlicher Relevanzpr\u00fcfung vom 17.07.2023)<\/p>\n<p style=\"text-align: center;\"><strong>von Montag, dem 07.08.2023 bis Freitag, dem 08.09.2023,<\/strong><\/p>\n<p>auf der Internetseite der Gemeinde unter der Internet-Adresse <a href=\"https:\/\/koenigseggwald.de\/\" target=\"_blank\" rel=\"noopener\">www.koenigseggwald.de<\/a> ver\u00f6ffentlicht und \u00fcber das zentrale Internetportal des Bundes und der L\u00e4nder unter folgendem Link <a href=\"https:\/\/www.uvp-verbund.de\/kartendienste\" target=\"_blank\" rel=\"noopener\">https:\/\/www.uvp-verbund.de\/kartendienste<\/a> zug\u00e4nglich gemacht.<\/p>\n<p>Zus\u00e4tzlich zur Ver\u00f6ffentlichung im Internet sind die Unterlagen des Bebauungsplans an folgender \u00f6ffentlich zug\u00e4nglichen Stelle einsehbar:<\/p>\n<p>Rathaus K\u00f6nigseggwald, Hauptstra\u00dfe 17, 88376 K\u00f6nigseggwald<\/p>\n<p><u><strong>\u00d6ffnungszeiten der Gemeindeverwaltung K\u00f6nigseggwald:<\/strong><\/u><br \/>\nDienstag und Mittwoch von 8:30 bis 11:30 Uhr<br \/>\nDonnerstag von 14:00 bis 18:00 Uhr<br \/>\nund nach telefonischer Vereinbarung<\/p>\n<p>Jedermann kann w\u00e4hrend der angegebenen Ver\u00f6ffentlichungsfrist, also bis einschlie\u00dflich <strong>08.09.2023<\/strong>, Stellungnahmen an <a href=\"mailto:gemeinde@koenigseggwald.de\">gemeinde@koenigseggwald.de<\/a> richten. Die Stellungnahmen sind vorzugsweise elektronisch zu \u00fcbermitteln. Bei Bedarf k\u00f6nnen Stellungnahmen auch m\u00fcndlich zur Niederschrift w\u00e4hrend der \u00d6ffnungszeiten bei der Gemeinde K\u00f6nigseggwald (Anschrift siehe oben) vorgebracht oder schriftlich auf dem Postweg an die Gemeinde K\u00f6nigseggwald (Anschrift siehe oben) gesendet werden. Bei schriftlich vorgebrachten Stellungnahmen sollte die volle Anschrift der Beteiligten angegeben werden. Es wird darauf hingewiesen, dass nicht fristgerecht abgegebene Stellungnahmen bei der Beschlussfassung \u00fcber den Bebauungsplan unber\u00fccksichtigt bleiben k\u00f6nnen.<\/p>\n<p><strong>Datenschutz<\/strong><br \/>\nIm Zuge der Bearbeitung von Stellungnahmen werden darin enthaltene personenbezogene Daten unter Beachtung der datenschutzrechtlichen Bestimmungen verarbeitet; die Verarbeitung erfolgt nur zum Zweck des Bauleitplanverfahrens. Weitere Informationen zum Datenschutz sind unter der Internetadresse der Gemeinde ver\u00f6ffentlicht und liegen mit den o.g. Unterlagen \u00f6ffentlich aus.<br \/>\nEs wird weiter darauf hingewiesen, dass die Verarbeitung personenbezogener Daten auf der Grundlage des \u00a7 3 BauGB in Verbindung mit Artikel 6 Absatz 1 Buchstabe e der Datenschutzgrundverordnung (DSGVO) und dem Landesdatenschutzgesetz erfolgt.<\/p>\n<p>K\u00f6nigseggwald, den 04.08.2023<\/p>\n<p>Roland Fuchs<br \/>\nB\u00fcrgermeister<\/p>\n<hr style=\"margin-top: 30px; margin-bottom: 30px;\" \/>\n<p>Gemeinde K\u00f6nigseggwald<br \/>\nLandkreis Ravensburg<\/p>\n<h3><strong>\u00d6ffentliche Bekanntmachung<\/strong><\/h3>\n<p style=\"text-align: center;\"><strong>Billigungsbeschluss<\/strong><\/p>\n<p style=\"text-align: center;\"><strong>&#8211; Fr\u00fchzeitige Beteiligung der \u00d6ffentlichkeit &#8211;<\/strong><\/p>\n<p>&nbsp;<\/p>\n<p style=\"text-align: center;\"><strong>1. Bebauungsplanvorentwurf \u201eGE Ho\u00dfkircher Stra\u00dfe II\u201c<\/strong><\/p>\n<p style=\"text-align: center;\"><strong>2. \u00d6rtliche Bauvorschriften zum Bebauungsplan \u201eGE Ho\u00dfkircher Stra\u00dfe II\u201c<\/strong><\/p>\n<p>&nbsp;<\/p>\n<p style=\"text-align: center;\"><strong>Gemeinde K\u00f6nigseggwald<\/strong><\/p>\n<p>Der Gemeinderat der Gemeinde K\u00f6nigseggwald hat am 27.07.2023 in \u00f6ffentlicher Sitzung den Vorentwurf des Bebauungsplans \u201cGE Ho\u00dfkircher Stra\u00dfe II\u201c, Gemeinde K\u00f6nigseggwald, und den Vorentwurf der \u00d6rtlichen Bauvorschriften zum Bebauungsplan \u201c GE Ho\u00dfkircher Stra\u00dfe II\u201c, Gemeinde K\u00f6nigseggwald, gebilligt und beschlossen, eine fr\u00fchzeitige Beteiligung der \u00d6ffentlichkeit nach \u00a7 3 Abs. 1 Baugesetzbuch durchzuf\u00fchren.<\/p>\n<p>Ziel und Zweck der Planung<br \/>\nDie Gemeinde K\u00f6nigseggwald beabsichtigt die Erweiterung des Gewerbegebiets im Norden der Gemeinde. Es liegen konkrete Anfragen ortsans\u00e4ssiger Gewerbetreibender nach gewerblichem Bauland vor. Im bestehenden Gewerbegebiet \u201eGE Ho\u00dfkircher Stra\u00dfe\u201c sind inzwischen alle Baugrundst\u00fccke bebaut bzw. f\u00fcr Betriebserweiterungen verplant.<br \/>\nMit der Aufstellung des Bebauungsplans \u201eGE Ho\u00dfkircher Stra\u00dfe II\u201c werden die planungsrechtlichen Voraussetzungen f\u00fcr die Erschlie\u00dfung neuer Gewerbefl\u00e4chen am nord\u00f6stlichen Siedlungsrand von K\u00f6nigseggwald geschaffen.<\/p>\n<p>Das Plangebiet befindet sich am nord\u00f6stlichen Siedlungsrand von K\u00f6nigseggwald. Es wird begrenzt im Norden durch landwirtschaftliche Fl\u00e4chen, im Osten durch einen landwirtschaftlichen Schuppen, im Westen durch die bestehende Bebauung des angrenzenden Gewerbegebietes und im S\u00fcden durch die Ho\u00dfkircher Stra\u00dfe (K 8036).<\/p>\n<p>Der Geltungsbereich umfasst die Flurst\u00fccke Nr. 5 (Ho\u00dfkircher Stra\u00dfe, teilweise); 260; 260\/1; 261 und 262\/2 (teilweise).<br \/>\nDie Gr\u00f6\u00dfe des r\u00e4umlichen Geltungsbereichs betr\u00e4gt in dieser Abgrenzung ca. 1,33 ha.<\/p>\n<p>Das Plangebiet wird wie in der nachfolgenden Planzeichnung dargestellt begrenzt:<\/p>\n<p><img loading=\"lazy\" decoding=\"async\" class=\"alignnone wp-image-4571 size-large\" src=\"https:\/\/koenigseggwald.de\/wp-content\/uploads\/2023\/08\/GE-Hosskircher-Strasse-II-1024x1013.jpg\" alt=\"\" width=\"1024\" height=\"1013\" srcset=\"https:\/\/koenigseggwald.de\/wp-content\/uploads\/2023\/08\/GE-Hosskircher-Strasse-II-1024x1013.jpg 1024w, https:\/\/koenigseggwald.de\/wp-content\/uploads\/2023\/08\/GE-Hosskircher-Strasse-II-300x297.jpg 300w, https:\/\/koenigseggwald.de\/wp-content\/uploads\/2023\/08\/GE-Hosskircher-Strasse-II-768x760.jpg 768w, https:\/\/koenigseggwald.de\/wp-content\/uploads\/2023\/08\/GE-Hosskircher-Strasse-II-148x146.jpg 148w, https:\/\/koenigseggwald.de\/wp-content\/uploads\/2023\/08\/GE-Hosskircher-Strasse-II-50x50.jpg 50w, https:\/\/koenigseggwald.de\/wp-content\/uploads\/2023\/08\/GE-Hosskircher-Strasse-II-76x75.jpg 76w, https:\/\/koenigseggwald.de\/wp-content\/uploads\/2023\/08\/GE-Hosskircher-Strasse-II-85x85.jpg 85w, https:\/\/koenigseggwald.de\/wp-content\/uploads\/2023\/08\/GE-Hosskircher-Strasse-II-80x80.jpg 80w, https:\/\/koenigseggwald.de\/wp-content\/uploads\/2023\/08\/GE-Hosskircher-Strasse-II.jpg 1500w\" sizes=\"auto, (max-width:767px) 700px, (max-width:1024px) 100vw, 1024px\" \/><br \/>\nIm Einzelnen gilt f\u00fcr den Bebauungsplanvorentwurf die Planzeichnung (Teil A) und der Schriftliche Teil (Teil B 1.), f\u00fcr den Vorentwurf der Satzung \u00fcber die \u00d6rtlichen Bauvorschriften die Planzeichnung (Teil A) und der Schriftliche Teil (Teil B 2.), jeweils mit dem Datum vom 27.07.2023.<\/p>\n<p>Fr\u00fchzeitige Beteiligung der \u00d6ffentlichkeit<br \/>\nEs besteht f\u00fcr jedermann die M\u00f6glichkeit die Planung mit Vertretern der Verwaltung zu er\u00f6rtern und sich zu der Planung zu \u00e4u\u00dfern.<\/p>\n<p>Der Vorentwurf des Bebauungsplans und der Vorentwurf der \u00d6rtlichen Bauvorschriften werden mit Begr\u00fcndung und den nach Einsch\u00e4tzung der Gemeinde wesentlichen, bereits vorliegenden umweltbezogenen Stellungnahmen und den umweltbezogenen Informationen (hier: Umweltbericht mit Anlagen vom 19.07.2023 und Artenschutzrechtliche Relevanzpr\u00fcfung vom 10.03.2023)<\/p>\n<p style=\"text-align: center;\"><strong>von Montag, dem 07.08.2023 bis Freitag, dem 08.09.2023,<\/strong><\/p>\n<p>auf der Internetseite der Gemeinde unter der Internet-Adresse <a href=\"https:\/\/koenigseggwald.de\/\" target=\"_blank\" rel=\"noopener\">www.koenigseggwald.de<\/a> ver\u00f6ffentlicht und \u00fcber das zentrale Internetportal des Bundes und der L\u00e4nder unter folgendem Link <a href=\"https:\/\/www.uvp-verbund.de\/kartendienste\" target=\"_blank\" rel=\"noopener\">https:\/\/www.uvp-verbund.de\/kartendienste<\/a> zug\u00e4nglich gemacht.<\/p>\n<p>Zus\u00e4tzlich zur Ver\u00f6ffentlichung im Internet sind die Unterlagen des Bebauungsplans an folgender \u00f6ffentlich zug\u00e4nglichen Stelle einsehbar:<\/p>\n<p>Rathaus K\u00f6nigseggwald, Hauptstra\u00dfe 17, 88376 K\u00f6nigseggwald<\/p>\n<p><u><strong>\u00d6ffnungszeiten der Gemeindeverwaltung K\u00f6nigseggwald:<\/strong><\/u><br \/>\nDienstag und Mittwoch von 8:30 bis 11:30 Uhr<br \/>\nDonnerstag von 14:00 bis 18:00 Uhr<br \/>\nund nach telefonischer Vereinbarung<\/p>\n<p>Jedermann kann w\u00e4hrend der angegebenen Ver\u00f6ffentlichungsfrist, also bis einschlie\u00dflich <strong>08.09.2023<\/strong>, Stellungnahmen an <a href=\"mailto:gemeinde@koenigseggwald.de\">gemeinde@koenigseggwald.de<\/a> richten. Die Stellungnahmen sind vorzugsweise elektronisch zu \u00fcbermitteln. Bei Bedarf k\u00f6nnen Stellungnahmen auch m\u00fcndlich zur Niederschrift w\u00e4hrend der \u00d6ffnungszeiten bei der Gemeinde K\u00f6nigseggwald (Anschrift siehe oben) vorgebracht oder schriftlich auf dem Postweg an die Gemeinde K\u00f6nigseggwald (Anschrift siehe oben) gesendet werden. Bei schriftlich vorgebrachten Stellungnahmen sollte die volle Anschrift der Beteiligten angegeben werden. Es wird darauf hingewiesen, dass nicht fristgerecht abgegebene Stellungnahmen bei der Beschlussfassung \u00fcber den Bebauungsplan unber\u00fccksichtigt bleiben k\u00f6nnen.<\/p>\n<p><strong>Datenschutz<\/strong><br \/>\nIm Zuge der Bearbeitung von Stellungnahmen werden darin enthaltene personenbezogene Daten unter Beachtung der datenschutzrechtlichen Bestimmungen verarbeitet; die Verarbeitung erfolgt nur zum Zweck des Bauleitplanverfahrens. Weitere Informationen zum Datenschutz sind unter der Internetadresse der Gemeinde ver\u00f6ffentlicht und liegen mit den o.g. Unterlagen \u00f6ffentlich aus.<br \/>\nEs wird weiter darauf hingewiesen, dass die Verarbeitung personenbezogener Daten auf der Grundlage des \u00a7 3 BauGB in Verbindung mit Artikel 6 Absatz 1 Buchstabe e der Datenschutzgrundverordnung (DSGVO) und dem Landesdatenschutzgesetz erfolgt.<\/p>\n<p>K\u00f6nigseggwald, den 04.08.2023<\/p>\n<p>Roland Fuchs<br \/>\nB\u00fcrgermeister[\/vc_column_text][\/vc_column][\/vc_row][vc_row full_width=&#8220;stretch_row&#8220; css=&#8220;.vc_custom_1563780244542{background-color: rgba(0,0,0,0.03) !important;*background-color: rgb(0,0,0) !important;}&#8220;][vc_column][vc_custom_heading text=&#8220;Weitere Informationen<br \/>\nDownload (PDF)&#8220; font_container=&#8220;tag:h2|text_align:center&#8220; google_fonts=&#8220;font_family:Roboto%3A100%2C100italic%2C300%2C300italic%2Cregular%2Citalic%2C500%2C500italic%2C700%2C700italic%2C900%2C900italic|font_style:400%20regular%3A400%3Anormal&#8220;][\/vc_column][\/vc_row][vc_row full_width=&#8220;stretch_row&#8220; css=&#8220;.vc_custom_1563780187770{background-color: rgba(0,0,0,0.03) !important;*background-color: rgb(0,0,0) !important;}&#8220;][vc_column][vc_column_text]<strong>Ozetweiher II<\/strong><\/p>\n<p><a href=\"https:\/\/koenigseggwald.de\/wp-content\/uploads\/2023\/08\/1591-002-2023-07-27-bplan-ozetweiher-II-ve.pdf\" target=\"_blank\" rel=\"noopener\">Planzeichnung (Teil A) \u201eOzetweiher II\u201c<\/a><\/p>\n<p><a href=\"https:\/\/koenigseggwald.de\/wp-content\/uploads\/2023\/08\/1591-2023-07-27_bp-begrue-2.pdf\" target=\"_blank\" rel=\"noopener\">Begr\u00fcndung Vorentwurf zum Bebauungsplan \u201eOzetweiher II\u201c<\/a><\/p>\n<p><a href=\"https:\/\/koenigseggwald.de\/wp-content\/uploads\/2023\/08\/1591-2023-07-27_bp-st-oeb-2.pdf\" target=\"_blank\" rel=\"noopener\">Schriftlicher Teil (Teil B 1) \u201eOzetweiher II\u201c<\/a><\/p>\n<p><strong>GE Ho\u00dfkircher Stra\u00dfe II<\/strong><\/p>\n<p><a href=\"https:\/\/koenigseggwald.de\/wp-content\/uploads\/2023\/08\/1590-002-2023-07-27-bplan-ge-hosskircher-str-II-ve.pdf\" target=\"_blank\" rel=\"noopener\">Planzeichnung (Teil A) \u201eGE Ho\u00dfkircher Stra\u00dfe II\u201c<\/a><\/p>\n<p><a href=\"https:\/\/koenigseggwald.de\/wp-content\/uploads\/2023\/08\/1590-2023-07-27_begrue-2.pdf\" target=\"_blank\" rel=\"noopener\">Begr\u00fcndung Vorentwurf zum Bebauungsplan \u201eGE Ho\u00dfkircher Stra\u00dfe II\u201c<\/a><\/p>\n<p><a href=\"https:\/\/koenigseggwald.de\/wp-content\/uploads\/2023\/08\/1590-2023-07-27_bp-stoeb-2.pdf\" target=\"_blank\" rel=\"noopener\">Schriftlicher Teil (Teil B) \u201eGE Ho\u00dfkircher Stra\u00dfe II\u201c<\/a><\/p>\n<p><strong>Bestandsplan<\/strong><\/p>\n<p><a href=\"https:\/\/koenigseggwald.de\/wp-content\/uploads\/2023\/08\/22088_bestandsplan.pdf\" target=\"_blank\" rel=\"noopener\">Bestandsplan<\/a><\/p>\n<p><strong>Umweltinformationen<\/strong><\/p>\n<p><a href=\"https:\/\/koenigseggwald.de\/wp-content\/uploads\/2023\/08\/22088_u1_anhang1_bilanz.pdf\" target=\"_blank\" rel=\"noopener\">Umweltbericht und Gr\u00fcnordnungsplan zum Bebauungsplan &#8222;GE Ho\u00dfkircher Stra\u00dfe II&#8220;<\/a><\/p>\n<p><a href=\"https:\/\/koenigseggwald.de\/wp-content\/uploads\/2023\/08\/22088_ub_mit_gop.pdf\" target=\"_blank\" rel=\"noopener\">Umweltbericht mit Gr\u00fcnordnungsplan zum Bebauungsplan \u201eGE Ho\u00dfkircher Stra\u00dfe II\u201c (Prospekt)<\/a><\/p>\n<p><a href=\"https:\/\/koenigseggwald.de\/wp-content\/uploads\/2023\/08\/22089_umweltinformation.pdf\" target=\"_blank\" rel=\"noopener\">Umweltinformation mit artenschutzrechtlicher Pr\u00fcfung zum Bebauungsplan \u201eOzetweiher II\u201c in K\u00f6nigseggwald<\/a>[\/vc_column_text][\/vc_column][\/vc_row]<\/p>\n","protected":false},"excerpt":{"rendered":"<p>Informationen zur Bebauung freigegebenen Grundst\u00fccke.<\/p>\n","protected":false},"author":6,"featured_media":923,"parent":4581,"menu_order":0,"comment_status":"closed","ping_status":"open","template":"","meta":{"footnotes":""},"class_list":["post-5212","page","type-page","status-publish","has-post-thumbnail","hentry","categories-buerger"],"_links":{"self":[{"href":"https:\/\/koenigseggwald.de\/index.php\/wp-json\/wp\/v2\/pages\/5212","targetHints":{"allow":["GET"]}}],"collection":[{"href":"https:\/\/koenigseggwald.de\/index.php\/wp-json\/wp\/v2\/pages"}],"about":[{"href":"https:\/\/koenigseggwald.de\/index.php\/wp-json\/wp\/v2\/types\/page"}],"author":[{"embeddable":true,"href":"https:\/\/koenigseggwald.de\/index.php\/wp-json\/wp\/v2\/users\/6"}],"replies":[{"embeddable":true,"href":"https:\/\/koenigseggwald.de\/index.php\/wp-json\/wp\/v2\/comments?post=5212"}],"version-history":[{"count":1,"href":"https:\/\/koenigseggwald.de\/index.php\/wp-json\/wp\/v2\/pages\/5212\/revisions"}],"predecessor-version":[{"id":5213,"href":"https:\/\/koenigseggwald.de\/index.php\/wp-json\/wp\/v2\/pages\/5212\/revisions\/5213"}],"up":[{"embeddable":true,"href":"https:\/\/koenigseggwald.de\/index.php\/wp-json\/wp\/v2\/pages\/4581"}],"wp:featuredmedia":[{"embeddable":true,"href":"https:\/\/koenigseggwald.de\/index.php\/wp-json\/wp\/v2\/media\/923"}],"wp:attachment":[{"href":"https:\/\/koenigseggwald.de\/index.php\/wp-json\/wp\/v2\/media?parent=5212"}],"curies":[{"name":"wp","href":"https:\/\/api.w.org\/{rel}","templated":true}]}}