{"id":4581,"date":"2023-08-02T09:58:30","date_gmt":"2023-08-02T07:58:30","guid":{"rendered":"https:\/\/koenigseggwald.de\/?page_id=4581"},"modified":"2026-01-30T11:15:23","modified_gmt":"2026-01-30T10:15:23","slug":"bebauungsplaene","status":"publish","type":"page","link":"https:\/\/koenigseggwald.de\/index.php\/bebauungsplaene\/","title":{"rendered":"Bebauungspl\u00e4ne"},"content":{"rendered":"<p>[vc_row full_width=&#8220;stretch_row_content_no_spaces&#8220; parallax=&#8220;content-moving-fade&#8220; parallax_image=&#8220;923&#8243; parallax_speed_bg=&#8220;1&#8243; css=&#8220;.vc_custom_1530779228897{padding-top: 200px !important;padding-bottom: 200px !important;}&#8220;][vc_column][vc_custom_heading text=&#8220;Bebauungspl\u00e4ne&#8220; font_container=&#8220;tag:h2|text_align:center|color:%23ffffff&#8220; google_fonts=&#8220;font_family:Roboto%3A100%2C100italic%2C300%2C300italic%2Cregular%2Citalic%2C500%2C500italic%2C700%2C700italic%2C900%2C900italic|font_style:400%20regular%3A400%3Anormal&#8220;][\/vc_column][\/vc_row][vc_row][vc_column][vc_column_text]Gemeinde K\u00f6nigseggwald, 03.01.2025<br \/>\nLandkreis Ravensburg<\/p>\n<h3 style=\"text-align: center;\"><strong>\u00d6ffentliche Bekanntmachung<\/strong><\/h3>\n<p style=\"text-align: center;\"><strong>Inkrafttreten der Satzungen<\/strong><\/p>\n<p style=\"text-align: center;\"><strong>1. Bebauungsplan \u201eOzetweiher II\u201c<\/strong><br \/>\n<strong>2. \u00d6rtliche Bauvorschriften zum Bebauungsplan \u201eOzetweiher II\u201c<\/strong><\/p>\n<p style=\"text-align: center;\"><strong>Gemeinde K\u00f6nigseggwald<\/strong><\/p>\n<p>Der Gemeinderat der Gemeinde K\u00f6nigseggwald hat am 19.12.2024 in \u00f6ffentlicher Sitzung den Bebauungsplan \u201eOzetweiher II\u201c, Gemeinde K\u00f6nigseggwald, gem\u00e4\u00df \u00a7 10 Abs. 1 Bauge-setzbuch (BauGB) und die zusammen mit dem Bebauungsplan aufgestellten \u00d6rtlichen Bau-vorschriften f\u00fcr den Geltungsbereich des Bebauungsplanes \u201eOzetweiher II\u201c, Gemeinde K\u00f6-nigseggwald, gem\u00e4\u00df \u00a7 74 Abs. 7 Landesbauordnung Baden-W\u00fcrttemberg (LBO) als jeweils selbstst\u00e4ndige Satzung beschlossen.<\/p>\n<p><strong>Ziel und Zweck der Planung<\/strong><br \/>\nDie Gemeinde K\u00f6nigseggwald beabsichtigt die Weiterentwicklung des Wohngebiets \u201eOzet-weiher\u201c in Richtung Osten zur Deckung des aktuellen Wohnraumbedarfs. Mit der Aufstellung des Bebauungsplans \u201eOzetweiher II\u201c werden die planungsrechtlichen Voraussetzungen f\u00fcr die Erschlie\u00dfung des Baugebiets geschaffen und die geordnete st\u00e4dtebauliche Entwicklung f\u00fcr diesen Bereich gesichert sowie dem weiterhin hohen Bedarf an Wohnbaugrundst\u00fccken sowie den modernen Wohn- und Arbeitsbed\u00fcrfnissen der Bev\u00f6lkerung in geeigneter Weise Rechnung getragen.<\/p>\n<p>Das Plangebiet befindet sich am \u00f6stlichen Siedlungsrand von K\u00f6nigseggwald. Es wird in Richtung Norden und Osten von intensiv genutzten Ackerfl\u00e4chen begrenzt. S\u00fcd\u00f6stlich befin-det sich eine Weihnachtsbaumaufzucht. S\u00fcdlich grenzen eine als Fest- und Bolzplatz genutzte Wiese sowie der Waldkindergarten an. Im Westen begrenzt die bestehende Wohnbebauung das Plangebiet.<\/p>\n<p>Der Geltungsbereich umfasst die Flurst\u00fccke Nr. 160 (teilweise), 806, 807, 808, 809, 810, 811, 814 (teilweise), 815 (teilweise), 822 (teilweise), 827 (teilweise), 835 und 836 (teilweise).<br \/>\nDie Gr\u00f6\u00dfe des r\u00e4umlichen Geltungsbereichs betr\u00e4gt in dieser Abgrenzung ca. 2,99 ha.<\/p>\n<p>Das Plangebiet wird wie in der nachfolgenden Planzeichnung dargestellt begrenzt:<\/p>\n<p><img loading=\"lazy\" decoding=\"async\" class=\"alignnone wp-image-5204 size-large\" src=\"https:\/\/koenigseggwald.de\/wp-content\/uploads\/2024\/10\/24-36_1-1024x1013.jpg\" alt=\"\" width=\"1024\" height=\"1013\" srcset=\"https:\/\/koenigseggwald.de\/wp-content\/uploads\/2024\/10\/24-36_1-1024x1013.jpg 1024w, https:\/\/koenigseggwald.de\/wp-content\/uploads\/2024\/10\/24-36_1-300x297.jpg 300w, https:\/\/koenigseggwald.de\/wp-content\/uploads\/2024\/10\/24-36_1-768x760.jpg 768w, https:\/\/koenigseggwald.de\/wp-content\/uploads\/2024\/10\/24-36_1-1536x1520.jpg 1536w, https:\/\/koenigseggwald.de\/wp-content\/uploads\/2024\/10\/24-36_1-76x75.jpg 76w, https:\/\/koenigseggwald.de\/wp-content\/uploads\/2024\/10\/24-36_1-700x693.jpg 700w, https:\/\/koenigseggwald.de\/wp-content\/uploads\/2024\/10\/24-36_1.jpg 1600w\" sizes=\"auto, (max-width:767px) 700px, (max-width:1024px) 100vw, 1024px\" \/><br \/>\nIm Einzelnen gilt f\u00fcr den Bebauungsplan die Planzeichnung (Teil A) und der Schriftliche Teil (Teil B 1), f\u00fcr die Satzung \u00fcber die \u00d6rtlichen Bauvorschriften die Planzeichnung (Teil A) und der Schriftliche Teil (Teil B 2), jeweils mit dem Datum vom 19.12.2024.<\/p>\n<p>Der Bebauungsplan \u201eOzetweiher II\u201c, Gemeinde K\u00f6nigseggwald, und die \u00d6rtlichen Bauvor-schriften zum Bebauungsplan \u201eOzetweiher II\u201c, Gemeinde K\u00f6nigseggwald, treten gem\u00e4\u00df \u00a7 10 Abs. 3 Baugesetzbuch und \u00a7 74 Abs. 7 Landesbauordnung BW mit dieser \u00f6ffentlichen Be-kanntmachung in Kraft.<\/p>\n<p>Jedermann kann den Bebauungsplan und die Satzung \u00fcber die \u00d6rtlichen Bauvorschriften sowie deren Begr\u00fcndungen einsehen und \u00fcber deren Inhalt Auskunft verlangen.<br \/>\nDer Bebauungsplan und die \u00d6rtlichen Bauvorschriften mit deren Begr\u00fcndungen k\u00f6nnen bei der Gemeinde K\u00f6nigseggwald, Hauptstra\u00dfe 17, 88376 K\u00f6nigseggwald, w\u00e4hrend der \u00fcblichen \u00d6ffnungszeiten eingesehen werden.<br \/>\nFolgende technische Vorschriften, auf die im Bebauungsplan Bezug genommen werden, k\u00f6nnen an selber Stelle eingesehen werden:<br \/>\n&#8211; RASt 06 Richtlinien f\u00fcr die Anlage von Stadtstra\u00dfen<\/p>\n<p>Auf die Vorschriften des \u00a7 44 Abs. 3 Satz 1 und 2 Baugesetzbuch (BauGB) \u00fcber die F\u00e4lligkeit etwaiger Entsch\u00e4digungsanspr\u00fcche im Falle der in den \u00a7\u00a7 39 \u2013 42 BauGB bezeichneten Verm\u00f6gensnachteile, deren Leistung schriftlich beim Entsch\u00e4digungspflichtigen zu beantra-gen ist und des \u00a7 44 Abs. 4 BauGB \u00fcber das Erl\u00f6schen von Entsch\u00e4digungsanspr\u00fcchen, wenn der Antrag nicht innerhalb der Frist von drei Jahren gestellt ist, wird hingewiesen.<\/p>\n<p>Eine Verletzung der in \u00a7 214 Abs. 1 Nr. 1 bis 3 BauGB bezeichneten Verfahrens- und Form-vorschriften, eine unter Ber\u00fccksichtigung des \u00a7 214 Abs. 2 BauGB beachtliche Verletzung der Vorschriften \u00fcber das Verh\u00e4ltnis des Bebauungsplans und des Fl\u00e4chennutzungsplans sowie die nach \u00a7 214 Abs. 3 Satz 2 BauGB beachtlichen M\u00e4ngel des Abw\u00e4gungsvorgangs und die nach \u00a7 214 Abs. 2a BauGB im beschleunigten Verfahren beachtlichen Fehler sind gem\u00e4\u00df \u00a7 215 Abs. 1 BauGB unbeachtlich, wenn sie nicht innerhalb eines Jahres seit dieser Bekanntmachung schriftlich gegen\u00fcber der Gemeinde K\u00f6nigseggwald geltend gemacht wor-den sind. Bei der Geltendmachung ist der Sachverhalt, der die Verletzung oder den Mangel begr\u00fcnden soll, darzulegen.<\/p>\n<p>Eine etwaige Verletzung von Verfahrens- und Formvorschriften der Gemeindeordnung f\u00fcr Baden-W\u00fcrttemberg (GemO) in der aktuellen Fassung oder von auf Grund der GemO erlas-sener Verfahrensvorschriften beim Zustandekommen dieser Satzungen wird nach \u00a7 4 Abs. 4 Gemeindeordnung (GemO) in dem dort bezeichneten Umfang unbeachtlich, wenn sie nicht schriftlich oder elektronisch innerhalb eines Jahres seit dieser Bekanntmachung gegen\u00fcber der Gemeinde K\u00f6nigseggwald geltend gemacht worden ist. Der Sachverhalt, der die Verlet-zung begr\u00fcnden soll, ist zu bezeichnen. Dies gilt nicht, wenn<br \/>\n&#8211; die Vorschriften \u00fcber die \u00d6ffentlichkeit der Sitzung, die Genehmigung oder die Be-kanntmachung verletzt worden sind oder<br \/>\n&#8211; der B\u00fcrgermeister dem Beschluss nach \u00a7 43 GemO wegen Gesetzwidrigkeit wider-sprochen hat oder<br \/>\n&#8211; vor Ablauf der Jahresfrist die Rechtsaufsichtsbeh\u00f6rde den Beschluss beanstandet oder ein Dritter die Verfahrensverletzung ger\u00fcgt hat.<\/p>\n<p><strong><u>\u00d6ffnungszeiten der Gemeindeverwaltung K\u00f6nigseggwald:<\/u><\/strong><br \/>\nDienstag und Mittwoch von 8:30 bis 11:30 Uhr<br \/>\nDonnerstag von 14:00 bis 18:00 Uhr<br \/>\nund nach telefonischer Vereinbarung<\/p>\n<p>K\u00f6nigseggwald, den 03.01.2025<\/p>\n<p>Benedikt Endriss<br \/>\nB\u00fcrgermeister[\/vc_column_text][\/vc_column][\/vc_row][vc_row full_width=&#8220;stretch_row&#8220; css=&#8220;.vc_custom_1563780244542{background-color: rgba(0,0,0,0.03) !important;*background-color: rgb(0,0,0) !important;}&#8220;][vc_column][vc_custom_heading text=&#8220;Weitere Informationen<br \/>\nDownload (PDF)&#8220; font_container=&#8220;tag:h2|text_align:center&#8220; google_fonts=&#8220;font_family:Roboto%3A100%2C100italic%2C300%2C300italic%2Cregular%2Citalic%2C500%2C500italic%2C700%2C700italic%2C900%2C900italic|font_style:400%20regular%3A400%3Anormal&#8220;][\/vc_column][\/vc_row][vc_row full_width=&#8220;stretch_row&#8220; css=&#8220;.vc_custom_1563780187770{background-color: rgba(0,0,0,0.03) !important;*background-color: rgb(0,0,0) !important;}&#8220;][vc_column][vc_column_text]<strong>Ozetweiher II<\/strong><\/p>\n<p><a href=\"https:\/\/koenigseggwald.de\/wp-content\/uploads\/2025\/01\/1591-2024-12-19-Satzungstext.pdf\" target=\"_blank\" rel=\"noopener\">1591-2024-12-19 Satzungstext<\/a><\/p>\n<p><a href=\"https:\/\/koenigseggwald.de\/wp-content\/uploads\/2025\/01\/1591-004-2024-12-19-BPlan-Ozetweiher-II.pdf\" target=\"_blank\" rel=\"noopener\">1591-004-2024-12-19-BPlan Ozetweiher II vom 19.12.2024<\/a><\/p>\n<p><a href=\"https:\/\/koenigseggwald.de\/wp-content\/uploads\/2025\/01\/1591-005-2024-12-19-BPlan-Ozetweiher-II-Schnitte-A-E.pdf\" target=\"_blank\" rel=\"noopener\">1591-005-2024-12-19-BPlan Ozetweiher II &#8211; Schnitte A &#8211; E vom 19.12.2024<\/a><\/p>\n<p><a href=\"https:\/\/koenigseggwald.de\/wp-content\/uploads\/2025\/01\/1591-006-2024-12-19-BPlan-Ozetweiher-II-Schnitte-1-3.pdf\" target=\"_blank\" rel=\"noopener\">1591-006-2024-12-19-BPlan Ozetweiher II &#8211; Schnitte 1 &#8211; 3 vom 19.12.2024<\/a><\/p>\n<p><a href=\"https:\/\/koenigseggwald.de\/wp-content\/uploads\/2025\/01\/1591-2024-12-19-BP-Begrue-4.pdf\" target=\"_blank\" rel=\"noopener\">1591-2024-12-19 BP-Begr\u00fcndung-4<\/a><\/p>\n<p><a href=\"https:\/\/koenigseggwald.de\/wp-content\/uploads\/2025\/01\/1591-2024-12-19-BP-ST-OeB-4.pdf\" target=\"_blank\" rel=\"noopener\">1591-2024-12-19 BP-ST-\u00d6B-4<\/a><\/p>\n<p><a href=\"https:\/\/koenigseggwald.de\/wp-content\/uploads\/2025\/01\/1591-2024-12-19-BU-2.pdf\" target=\"_blank\" rel=\"noopener\">1591-2024-12-19 BU-2<\/a><\/p>\n<p><a href=\"https:\/\/koenigseggwald.de\/wp-content\/uploads\/2025\/01\/1591-2024-12-19-BP-AS-2.pdf\" target=\"_blank\" rel=\"noopener\">1591-2024-12-19-BP-AS-2<\/a><\/p>\n<p><a href=\"https:\/\/koenigseggwald.de\/wp-content\/uploads\/2025\/01\/22089-U3_Massnahmenplan.pdf\" target=\"_blank\" rel=\"noopener\">22089 U3_Ma\u00dfnahmenplan<\/a><\/p>\n<p><a href=\"https:\/\/koenigseggwald.de\/wp-content\/uploads\/2025\/01\/22089_U1_Anhang1_Bilanz.pdf\" target=\"_blank\" rel=\"noopener\">22089_U1_Anhang1_Bilanz<\/a><\/p>\n<p><a href=\"https:\/\/koenigseggwald.de\/wp-content\/uploads\/2025\/01\/22089_U1_Anhang1_Bilanz.pdf\" target=\"_blank\" rel=\"noopener\">22089_U1_UB_GOP<\/a><\/p>\n<p><a href=\"https:\/\/koenigseggwald.de\/wp-content\/uploads\/2025\/01\/22089U2_Bestandsplan.pdf\" target=\"_blank\" rel=\"noopener\">22089U2_Bestandsplan<\/a><\/p>\n<p><a href=\"https:\/\/koenigseggwald.de\/wp-content\/uploads\/2025\/01\/GA_23_033_01_rs_EV_Ozetweiher-II.pdf\" target=\"_blank\" rel=\"noopener\">GA_23_033_01_rs_EV_Ozetweiher-II<\/a>[\/vc_column_text][\/vc_column][\/vc_row]<\/p>\n","protected":false},"excerpt":{"rendered":"<p>Informationen zur Bebauung freigegebenen Grundst\u00fccke.<\/p>\n","protected":false},"author":6,"featured_media":923,"parent":0,"menu_order":0,"comment_status":"closed","ping_status":"open","template":"","meta":{"footnotes":""},"class_list":["post-4581","page","type-page","status-publish","has-post-thumbnail","hentry","categories-buerger"],"_links":{"self":[{"href":"https:\/\/koenigseggwald.de\/index.php\/wp-json\/wp\/v2\/pages\/4581","targetHints":{"allow":["GET"]}}],"collection":[{"href":"https:\/\/koenigseggwald.de\/index.php\/wp-json\/wp\/v2\/pages"}],"about":[{"href":"https:\/\/koenigseggwald.de\/index.php\/wp-json\/wp\/v2\/types\/page"}],"author":[{"embeddable":true,"href":"https:\/\/koenigseggwald.de\/index.php\/wp-json\/wp\/v2\/users\/6"}],"replies":[{"embeddable":true,"href":"https:\/\/koenigseggwald.de\/index.php\/wp-json\/wp\/v2\/comments?post=4581"}],"version-history":[{"count":30,"href":"https:\/\/koenigseggwald.de\/index.php\/wp-json\/wp\/v2\/pages\/4581\/revisions"}],"predecessor-version":[{"id":5765,"href":"https:\/\/koenigseggwald.de\/index.php\/wp-json\/wp\/v2\/pages\/4581\/revisions\/5765"}],"wp:featuredmedia":[{"embeddable":true,"href":"https:\/\/koenigseggwald.de\/index.php\/wp-json\/wp\/v2\/media\/923"}],"wp:attachment":[{"href":"https:\/\/koenigseggwald.de\/index.php\/wp-json\/wp\/v2\/media?parent=4581"}],"curies":[{"name":"wp","href":"https:\/\/api.w.org\/{rel}","templated":true}]}}