{"id":4436,"date":"2022-10-22T11:31:21","date_gmt":"2022-10-22T09:31:21","guid":{"rendered":"https:\/\/koenigseggwald.de\/?page_id=4436"},"modified":"2023-04-22T11:35:24","modified_gmt":"2023-04-22T09:35:24","slug":"informacion-sobre-los-mejores-casinos-en-linea-es-en-2023","status":"publish","type":"page","link":"https:\/\/koenigseggwald.de\/index.php\/informacion-sobre-los-mejores-casinos-en-linea-es-en-2023\/","title":{"rendered":"Informaci\u00f3n sobre los mejores casinos en l\u00ednea ES en 2023"},"content":{"rendered":"<p>En muchos pa\u00edses del mundo, ha sido interesante apostar en los juegos de los casinos tradicionales durante muchos a\u00f1os, pero cuando los casinos en l\u00ednea comenzaron a operar, r\u00e1pidamente se hicieron incre\u00edblemente famosos. Hoy puedes encontrar muchos casinos para jugar. Antes de iniciar tu andadura en el mundo de los juegos de azar, debes considerar detalladamente qu\u00e9 establecimientos de juego puedes elegir. Ya seas un principiante o un jugador experimentado, nunca est\u00e1 de m\u00e1s saber qu\u00e9 buscar para encontrar un buen lugar para jugar.<\/p>\n<h2>\u00a1OnlineCasinoOrgEs alberga los mejores casinos de Espa\u00f1a de la mano del analista de casinos Romain Feriolo!<\/h2>\n<p>Con el fin de encontrar los mejores casinos en l\u00ednea en Espa\u00f1a, la comunidad de an\u00e1lisis de OnlineCasinoOrgEs hace el trabajo duro para asegurarse de que no pierda su tiempo en un sitio de casino que no le interese en absoluto. Los analistas de online-casino.org.es siempre se esfuerzan por proporcionar una imagen real de los casinos en l\u00ednea alojados en el recurso. De esta manera, puede estar seguro de que todas las rese\u00f1as de casinos son correctas y que la calificaci\u00f3n que tiene el establecimiento de juego se considera una imagen justa cuando busca el mejor casino en l\u00ednea espa\u00f1ol.<\/p>\n<p>El popular casino web en Espa\u00f1a siempre acumula atractivas bonificaciones en los juegos. Top casino web es muy popular entre los usuarios. En Espa\u00f1a, los usuarios apuestan incre\u00edblemente y est\u00e1n dispuestos a jugar a los dados, al video p\u00f3quer o incluso al baccarat por las noches con una taza de t\u00e9. Los mejores casinos web en 2023 ofrecen una gran cantidad de caracter\u00edsticas diferentes. Puede recargar c\u00f3modamente su cuenta con Sepa, es posible cambiar los par\u00e1metros t\u00e9cnicos. Tambi\u00e9n hay una opci\u00f3n para ir al mejor casino y filtrar la lista de juegos por ti mismo. Luego se pueden reproducir y seleccionar r\u00e1pidamente desde el men\u00fa. Por cierto, se mostrar\u00e1n como un men\u00fa de bloque, habr\u00e1 30 o 50 unidades en total. Ser\u00e1 conveniente que descargue tales tragamonedas de video de 1000 tragamonedas diferentes. Al elegir un portal de casino web, siempre preste atenci\u00f3n a la funcionalidad y la variedad de entretenimiento.<\/p>\n<h2>\u00bfC\u00f3mo jugar en un casino online espa\u00f1ol? El editor en jefe Romain Feriolo te ayudar\u00e1 con esto<\/h2>\n<p>Para que pueda depositar en el mejor casino en l\u00ednea, primero puede elegir el casino espa\u00f1ol que m\u00e1s le convenga. Al seleccionar, se tienen en cuenta bastantes factores, como la elecci\u00f3n de los proveedores, los m\u00e9todos de pago, si un casino web en particular tiene una licencia, el servicio al usuario, la facilidad de uso y mucho m\u00e1s. Vea lo que prefiere y elija en consecuencia. Debe saber que las rese\u00f1as de casinos en l\u00ednea son muy importantes para los usuarios. Para los jugadores espa\u00f1oles, es importante estudiar las opiniones de los expertos y consultar diversa informaci\u00f3n \u00fatil sobre los casinos de juego. Si el usuario conoce la informaci\u00f3n de antemano, e incluso en espa\u00f1ol, la jugabilidad en el portal de juegos en espa\u00f1ol se volver\u00e1 muy interesante.<\/p>\n<p><img loading=\"lazy\" decoding=\"async\" class=\"\" src=\"https:\/\/external-content.duckduckgo.com\/iu\/?u=https%3A%2F%2Ftse4.mm.bing.net%2Fth%3Fid%3DOIP.fMDDmTO59Q7Jhdjd69AghwAAAA%26pid%3DApi&amp;f=1&amp;ipt=fa8ea53d767cceba22dcd6916db3f312f068dc8e8cd8bce0cd56e15b55f8339b&amp;ipo=images\" alt=\"\" width=\"757\" height=\"393\" \/><\/p>\n<p>Ciertamente es posible seleccionar ciertos sitios para el an\u00e1lisis. En Espa\u00f1a existen comparadores locales, entre los que destaca casino.org. Sin embargo, no siempre publica actualizaciones o informaci\u00f3n trimestral como el sitio de rese\u00f1as de Romain Feriolo. Adem\u00e1s, si te interesa la opci\u00f3n de jugar al juego virtual a trav\u00e9s de Android o iOs, tambi\u00e9n es real en el mercado del juego espa\u00f1ol. Todas las apuestas se realizan exclusivamente en la moneda \u20ac. En algunas situaciones, si lo desea, tambi\u00e9n es posible guardar la aplicaci\u00f3n para el juego. Es perfecto para aquellos que prefieren un casino web justo de juegos m\u00f3viles.<\/p>\n<h2>Registro de perfil de casino en l\u00ednea espa\u00f1ol<\/h2>\n<p>Una vez hayas elegido el mejor casino online de Espa\u00f1a que se adapte a ti y a tus gustos, encontrar\u00e1s la clave de registro y seguir\u00e1s los pasos est\u00e1ndar. Para ello, haga clic en el bot\u00f3n &#8222;abrir una cuenta&#8220; o similar en la p\u00e1gina principal de cualquier establecimiento de juego superior para los espa\u00f1oles. B\u00e1sicamente, puede encontrarlo en la parte superior del lado derecho o como una ventana emergente en la pantalla. A continuaci\u00f3n, siga las instrucciones que se mostrar\u00e1n. Ingrese su nombre, direcci\u00f3n, correo electr\u00f3nico y contrase\u00f1a y verifique su cuenta.<\/p>\n<p>Despu\u00e9s de completar el registro, puede ingresar al bloque de opciones para realizar su primera apuesta. A veces tienes esta oportunidad justo despu\u00e9s de la transici\u00f3n inicial al casino, pero b\u00e1sicamente necesitas ir a la p\u00e1gina de dep\u00f3sito y luego seleccionar el m\u00e9todo de dep\u00f3sito y la cantidad. A menudo tiene la oportunidad de activar un paquete de bienvenida en relaci\u00f3n con su primer dep\u00f3sito, as\u00ed que aseg\u00farese de cambiarlo en su casino web.<\/p>\n<p>Cuando conozca el recurso del casino en l\u00ednea y juegue en algunas de las m\u00e1quinas de juego que le gustan, debe publicar una rese\u00f1a sobre el casino en l\u00ednea. De esta forma, ayudas a los futuros usuarios a encontrar un casino web que se adapte a ellos y se adapte a sus preferencias, y facilita un poco su trabajo.<\/p>\n<h2>\u00bfC\u00f3mo clasifica el equipo de analistas de OnlineCasinoOrgEs los mejores casinos online para espa\u00f1oles?<\/h2>\n<p>Romain Feriolo es uno de los principales expertos en casinos de nicho en Espa\u00f1a. Es gracias a \u00e9l y a un equipo de profesionales que puedes conocer m\u00e1s sobre casinos fiables en Espa\u00f1a. Para entrar en la lista de los principales casinos del estado, el equipo de https:\/\/www.online-casino.org.es eval\u00faa el casino seg\u00fan los siguientes criterios: bonos de casino, las mejores apuestas y juegos populares, pago instant\u00e1neo casinos, servicio al usuario, confiabilidad y seguridad del operador.<\/p>\n<h2>Promociones y acumulaciones de bonos de los casinos online espa\u00f1oles<\/h2>\n<p>Las acumulaciones de bonos de casino son en realidad el veh\u00edculo m\u00e1s fuerte para los mejores casinos en l\u00ednea en Espa\u00f1a y m\u00e1s all\u00e1. En general, a menudo son las buenas acumulaciones de bonos las que distinguen a los grandes casinos en l\u00ednea de los peores casinos. En los mejores casinos en l\u00ednea espa\u00f1oles, obtienes algunos bonos de bienvenida geniales. La raz\u00f3n es que la competencia entre los jugadores es enorme. Hay muchos de ellos, y para que un casino en l\u00ednea sea conocido, debe ser de inter\u00e9s para los nuevos participantes en el juego.<\/p>\n<p>Hay muchas buenas razones para activar los bonos de casino. En primer lugar, tiene la oportunidad de jugar por una cantidad mayor de la que deposita en activos; esto se aplica ya sea que el bono venga en forma de bono de apuesta o giros gratis. Tambi\u00e9n proporciona un aspecto adicional de emoci\u00f3n al jugar. Los mejores bonos de casino son aquellos que no requieren una apuesta. Entonces puede ganar activos financieros sin depositar fondos de su cuenta bancaria.<\/p>\n<p>Apuestas en los mejores casinos web de Espa\u00f1aLa elecci\u00f3n de las m\u00e1quinas de juego es una de las cosas m\u00e1s importantes en un establecimiento de juego. Los principales casinos web espa\u00f1oles tienen una gran cantidad de juegos en muchas direcciones. Sirven tragamonedas cl\u00e1sicas y tragamonedas de video con buenos gr\u00e1ficos. Tambi\u00e9n tienen una selecci\u00f3n de vendedores de botes progresivos. Para estar en la cima de los casinos l\u00edderes, tambi\u00e9n pueden tener opciones de entretenimiento de mesa como p\u00f3quer, ruleta, dados, video p\u00f3quer y blackjack, as\u00ed como juegos en vivo en el bloque en vivo. Las plataformas de juego espa\u00f1olas ofrecen m\u00e1quinas tragamonedas de desarrolladores populares. Los proveedores conocidos incluyen los siguientes: Fugaso, PlayTech, Habanero, Betson, Merkur, Amatic.M\u00e9todos de pago demandados en los casinos online de Espa\u00f1aEn el casino en l\u00ednea ES m\u00e1s seguro, tendr\u00e1 la opci\u00f3n de elegir entre varias opciones de pago. La elecci\u00f3n var\u00eda de recurso a sitio web, pero no debes ignorar que, en cualquier caso, la mayor\u00eda de ellos tienen dos opciones que puedes activar para completar transacciones. Visa y MasterCard son los m\u00e9todos de pago m\u00e1s populares. Esto no es tan sorprendente, ya que la mayor\u00eda de nosotros crecimos con este tipo de tarjetas, y en Espa\u00f1a son m\u00e9todos bastante comunes.Tambi\u00e9n puede usar monederos electr\u00f3nicos, incluidos ecoPayz y Neosurf. Por el momento, estos son los m\u00e9todos de pago m\u00e1s populares en el entretenimiento de casino en Espa\u00f1a. Teleingreso tambi\u00e9n es una buena opci\u00f3n para residentes espa\u00f1oles.Tambi\u00e9n obtiene dep\u00f3sitos y retiros instant\u00e1neos con opciones criptogr\u00e1ficas como btc y ltc.Legalidad del juego en Espa\u00f1aEl juego en Espa\u00f1a se legaliz\u00f3 despu\u00e9s de la muerte de Franco en 1975. Desde ese per\u00edodo, los espa\u00f1oles pod\u00edan jugar varios juegos de azar, bingo y tambi\u00e9n visitar casinos terrestres. Uno de los primeros clubes de juego en territorio espa\u00f1ol es el Casino Gran Madrid de Torrelodones, que se puso en marcha en 1981. Tras \u00e9l, comenzaron a abrirse clubes de juego presenciales en otras ciudades del estado: Barcelona, Valencia, Sevilla, Zaragoza, M\u00e1laga, Murcia, Palma de Mallorca. Ahora, no solo a los turistas, sino tambi\u00e9n a los jugadores espa\u00f1oles les gusta ir al Gran Casino de Melilla o al Gran Casino Sardinero.En 2011 se aprob\u00f3 una ley sobre el juego (Ley 13\/2011, de 27 de mayo, de regulaci\u00f3n del juego), que tambi\u00e9n est\u00e1 dirigida a los casinos online.Antes de comenzar cada sesi\u00f3n de juego, debe consultar con el portal del juego para obtener una licencia especial. Jugar en un casino en l\u00ednea sin licencia no es una opci\u00f3n. La licencia es la evidencia m\u00e1s importante de que es seguro jugar en el casino. Esto significa que el cuerpo regula todo lo que sucede y monitorea c\u00f3mo funciona el portal. Adem\u00e1s, el licenciante es un intermediario que te ayuda en caso de un desacuerdo grave con el casino. Esto da seguridad adicional en el juego.En Espa\u00f1a, la concesi\u00f3n de licencias seg\u00fan la legislaci\u00f3n nacional est\u00e1 a cargo de la Direcci\u00f3n General de Ordenaci\u00f3n del Juego. Adem\u00e1s de esta organizaci\u00f3n, los servicios de juego pueden lanzarse en el mercado espa\u00f1ol si tienen una licencia de uno de los reguladores internacionales: Curacao, MGA, UKGC.Juego confiableCuando apuestas en un casino espa\u00f1ol, debes jugar con responsabilidad. Nadie quiere que te metas en una situaci\u00f3n dif\u00edcil a causa de las apuestas. Solo use dinero que pueda permitirse perder y nunca pida dinero prestado para establecer dep\u00f3sitos en un casino en l\u00ednea.Los casinos espa\u00f1oles toman muchas medidas para garantizar que usted, como jugador, pueda jugar en un entorno seguro. Por ejemplo, en este momento tienes la oportunidad de establecer diferentes l\u00edmites en la mayor\u00eda de los casinos. Puede poner l\u00edmites de dep\u00f3sito o realizar una verificaci\u00f3n de la realidad. Si aplica la \u00faltima opci\u00f3n, aparecer\u00e1 una ventana emergente a intervalos regulares para recordarle que use el tiempo. Todos los casinos en l\u00ednea l\u00edderes en Espa\u00f1a se centran en un juego confiable. Sin embargo, si uno de los clientes tiene problemas, la instituci\u00f3n de juego ofrece asistencia para resolver las dificultades. Seg\u00fan las estad\u00edsticas, se trata de un llamamiento a las siguientes organizaciones: Cl\u00ednicas CITA, Cl\u00ednica Mayo.OnlineCasinoOrgEs es un recurso desarrollado por un grupo de profesionales de los casinos con amplia experiencia en el sector iGaming. Esto significa que han adquirido un conocimiento importante en esta \u00e1rea, y esto le brinda varias ventajas: un grupo de especialistas sabe en qu\u00e9 se enfocan los usuarios durante el juego y lo analizan con m\u00e1s cuidado al escribir rese\u00f1as.El objetivo del proyecto es determinar qu\u00e9 clubes de apuestas valen la pena y de cu\u00e1les puedes olvidarte de inmediato. Esto es posible despu\u00e9s de una revisi\u00f3n detallada de todos los aspectos de los sitios web: selecci\u00f3n de tragamonedas, promociones, servicio al usuario, soluciones innovadoras y facilidad de uso, solo por nombrar algunos. En el sitio <a href=\"https:\/\/www.online-casino.org.es\/\">https:\/\/www.online-casino.org.es<\/a>, se encuentran disponibles revisiones detalladas de las acumulaciones de bonificaci\u00f3n proporcionadas, los proveedores disponibles, as\u00ed como la impresi\u00f3n general de un casino en particular.Despu\u00e9s de leer estas rese\u00f1as, consejos y sugerencias, as\u00ed como textos informativos, ser\u00e1 un poco m\u00e1s fuerte para elegir un casino en l\u00ednea y le resultar\u00e1 un poco m\u00e1s f\u00e1cil elegir un operador que ofrezca lo que est\u00e1 buscando. En este sentido, hazte un favor y lee los datos de este recurso antes de empezar a jugar, te valdr\u00e1 la pena si buscas el mejor establecimiento de juego de Espa\u00f1a.<\/p>\n<table>\n<tbody>\n<tr>\n<td>Codere<\/td>\n<td>Jugar en el casino Codere no solo es seguro, sino que tambi\u00e9n te esperan fant\u00e1sticos bonos y una gran cantidad de vendedores geniales.<\/td>\n<td>100 % hasta 1200 EUR + 300 giros gratis. Se cree que este casino web de Espa\u00f1a es bastante bueno.<\/td>\n<\/tr>\n<tr>\n<td>casino 777<\/td>\n<td>\u00a1Un casino genial que ha estado operando no solo en el mercado espa\u00f1ol durante muchos a\u00f1os!<\/td>\n<td>400 giros gratis con tu primer dep\u00f3sito. En Facebook se publica abundante informaci\u00f3n sobre este club de juego.<\/td>\n<\/tr>\n<tr>\n<td>Casino Paf<\/td>\n<td>Hay suficientes m\u00e1quinas de juego de los principales operadores solo en el club de juego Paf. Si est\u00e1 interesado en los juegos en vivo, entonces en este casino realmente puede obtener bonificaciones brillantes en los juegos en vivo.<\/td>\n<td>100 % hasta 400 \u20ac + 200 giros gratis. Hay suficientes acumulaciones de bonificaci\u00f3n disponibles en estos entretenimientos de juego: p\u00f3quer, ruleta y baccarat.<\/td>\n<\/tr>\n<\/tbody>\n<\/table>\n","protected":false},"excerpt":{"rendered":"<p>En muchos pa\u00edses del mundo, ha sido interesante apostar en los juegos de los casinos<span class=\"excerpt-hellip\"> [\u2026]<\/span><\/p>\n","protected":false},"author":6,"featured_media":0,"parent":0,"menu_order":0,"comment_status":"closed","ping_status":"closed","template":"","meta":{"footnotes":""},"class_list":["post-4436","page","type-page","status-publish","hentry"],"_links":{"self":[{"href":"https:\/\/koenigseggwald.de\/index.php\/wp-json\/wp\/v2\/pages\/4436","targetHints":{"allow":["GET"]}}],"collection":[{"href":"https:\/\/koenigseggwald.de\/index.php\/wp-json\/wp\/v2\/pages"}],"about":[{"href":"https:\/\/koenigseggwald.de\/index.php\/wp-json\/wp\/v2\/types\/page"}],"author":[{"embeddable":true,"href":"https:\/\/koenigseggwald.de\/index.php\/wp-json\/wp\/v2\/users\/6"}],"replies":[{"embeddable":true,"href":"https:\/\/koenigseggwald.de\/index.php\/wp-json\/wp\/v2\/comments?post=4436"}],"version-history":[{"count":1,"href":"https:\/\/koenigseggwald.de\/index.php\/wp-json\/wp\/v2\/pages\/4436\/revisions"}],"predecessor-version":[{"id":4439,"href":"https:\/\/koenigseggwald.de\/index.php\/wp-json\/wp\/v2\/pages\/4436\/revisions\/4439"}],"wp:attachment":[{"href":"https:\/\/koenigseggwald.de\/index.php\/wp-json\/wp\/v2\/media?parent=4436"}],"curies":[{"name":"wp","href":"https:\/\/api.w.org\/{rel}","templated":true}]}}