{"id":315,"date":"2018-06-04T17:50:30","date_gmt":"2018-06-04T15:50:30","guid":{"rendered":"https:\/\/homepage-qkr4bkkudr.live-website.com\/web\/?page_id=315"},"modified":"2022-04-27T16:19:28","modified_gmt":"2022-04-27T14:19:28","slug":"wertstoffhof","status":"publish","type":"page","link":"https:\/\/koenigseggwald.de\/index.php\/wertstoffhof\/","title":{"rendered":"Wertstoffhof &amp; M\u00fcllabfuhr"},"content":{"rendered":"<p>[vc_row full_width=&#8220;stretch_row_content_no_spaces&#8220; parallax=&#8220;content-moving-fade&#8220; parallax_image=&#8220;922&#8243; css=&#8220;.vc_custom_1531398694865{padding-top: 200px !important;padding-bottom: 200px !important;}&#8220;][vc_column][\/vc_column][\/vc_row][vc_row][vc_column][vc_column_text]<\/p>\n<h2><strong>Auf dem Wertstoffhof<\/strong><\/h2>\n<h4><strong>Donnerstags von 08.30 &#8211; 10.00 Uhr und<br \/>\nSamstags von 10.00 &#8211; 13.00 Uhr <\/strong><\/h4>\n<p>haben Sie die M\u00f6glichkeit<\/p>\n<ul>\n<li>Papier\/Kartonagen<\/li>\n<li>Flaschenglas (Container)<\/li>\n<li>Gr\u00fcnm\u00fcll<\/li>\n<li>Elektro- und Elektronik-Altger\u00e4te<\/li>\n<li>Altkleider<\/li>\n<\/ul>\n<p>abzugeben.\u00a0Wir bitten um Beachtung, dass au\u00dferhalb der \u00d6ffnungszeiten der Wertstoffhof nicht zug\u00e4nglich ist und keine Wertstoffe abgegeben werden k\u00f6nnen!<\/p>\n<p>&nbsp;<\/p>\n<h3>Informieren Sie sich auch im aktuellen Abfallkalender:<\/h3>\n<p><a href=\"https:\/\/www.gvv-altshausen.online\/de\/aemter-service\/abfall-ratgeber\/\" target=\"_blank\" rel=\"noopener noreferrer\">https:\/\/www.gvv-altshausen.online\/de\/aemter-service\/abfall-ratgeber\/<\/a><\/p>\n<h4><\/h4>\n<p>[\/vc_column_text][\/vc_column][\/vc_row][vc_row content_placement=&#8220;middle&#8220;][vc_column width=&#8220;1\/2&#8243;][vc_single_image image=&#8220;499&#8243; img_size=&#8220;medium&#8220; alignment=&#8220;center&#8220; style=&#8220;vc_box_shadow_3d&#8220;][\/vc_column][vc_column width=&#8220;1\/2&#8243;][vc_single_image image=&#8220;501&#8243; img_size=&#8220;large&#8220; alignment=&#8220;right&#8220; style=&#8220;vc_box_shadow_3d&#8220;][\/vc_column][\/vc_row][vc_row][vc_column][vc_separator][\/vc_column][\/vc_row][vc_row disable_element=&#8220;yes&#8220;][vc_column][vc_column_text]<\/p>\n<h3>Die M\u00fcllabfuhr f\u00fcr Biotonne, Restm\u00fcll und Papiertonne 2020:<\/h3>\n<ul>\n<li>\n<h4><a href=\"https:\/\/homepage-qkr4bkkudr.live-website.com\/wp-content\/uploads\/2020\/01\/Leerungstermine80178-1.pdf\" target=\"_blank\" rel=\"noopener noreferrer\">Leerungstermine in \u00fcbersichtlicher Kalenderform zum Drucken<\/a><\/h4>\n<\/li>\n<li>\n<h4><span style=\"color: #ff9900;\"><a style=\"color: #ff9900;\" href=\"https:\/\/homepage-qkr4bkkudr.live-website.com\/wp-content\/uploads\/2020\/01\/Leerungstermine80178.ics\" target=\"_blank\" rel=\"noopener noreferrer\">Leerungstermine in einer ical-Kalenderdatei f\u00fcr Ihren Kalender downloaden<\/a><\/span><\/h4>\n<\/li>\n<\/ul>\n<p>[\/vc_column_text][\/vc_column][\/vc_row][vc_row disable_element=&#8220;yes&#8220;][vc_column width=&#8220;2\/3&#8243;][vc_column_text]<\/p>\n<h4>N\u00e4chste Leerungen:<\/h4>\n<pre><code>[ecs-list-events cat=\"M\u00fcllabfuhr\" limit=\"4\"]<\/code><\/pre>\n<p>[\/vc_column_text][\/vc_column][vc_column width=&#8220;1\/3&#8243;][vc_single_image image=&#8220;1755&#8243; img_size=&#8220;medium&#8220; alignment=&#8220;right&#8220; style=&#8220;vc_box_shadow_3d&#8220;][\/vc_column][\/vc_row]<\/p>\n","protected":false},"excerpt":{"rendered":"<p><b>\u00d6ffnungszeiten:<\/b><br \/>\nDonnerstags von 8.30-10 Uhr und<br \/>\nSamstags von 10-13 Uhr<\/p>\n","protected":false},"author":1,"featured_media":922,"parent":0,"menu_order":0,"comment_status":"closed","ping_status":"open","template":"","meta":{"footnotes":""},"class_list":["post-315","page","type-page","status-publish","has-post-thumbnail","hentry","categories-buerger"],"_links":{"self":[{"href":"https:\/\/koenigseggwald.de\/index.php\/wp-json\/wp\/v2\/pages\/315","targetHints":{"allow":["GET"]}}],"collection":[{"href":"https:\/\/koenigseggwald.de\/index.php\/wp-json\/wp\/v2\/pages"}],"about":[{"href":"https:\/\/koenigseggwald.de\/index.php\/wp-json\/wp\/v2\/types\/page"}],"author":[{"embeddable":true,"href":"https:\/\/koenigseggwald.de\/index.php\/wp-json\/wp\/v2\/users\/1"}],"replies":[{"embeddable":true,"href":"https:\/\/koenigseggwald.de\/index.php\/wp-json\/wp\/v2\/comments?post=315"}],"version-history":[{"count":0,"href":"https:\/\/koenigseggwald.de\/index.php\/wp-json\/wp\/v2\/pages\/315\/revisions"}],"wp:featuredmedia":[{"embeddable":true,"href":"https:\/\/koenigseggwald.de\/index.php\/wp-json\/wp\/v2\/media\/922"}],"wp:attachment":[{"href":"https:\/\/koenigseggwald.de\/index.php\/wp-json\/wp\/v2\/media?parent=315"}],"curies":[{"name":"wp","href":"https:\/\/api.w.org\/{rel}","templated":true}]}}