{"id":313,"date":"2018-06-04T17:50:51","date_gmt":"2018-06-04T15:50:51","guid":{"rendered":"https:\/\/homepage-qkr4bkkudr.live-website.com\/web\/?page_id=313"},"modified":"2026-03-03T10:25:15","modified_gmt":"2026-03-03T09:25:15","slug":"bauen-wohnen","status":"publish","type":"page","link":"https:\/\/koenigseggwald.de\/index.php\/bauen-wohnen\/","title":{"rendered":"Bauen \/ Wohnen"},"content":{"rendered":"<p>[vc_row full_width=&#8220;stretch_row_content_no_spaces&#8220; parallax=&#8220;content-moving-fade&#8220; parallax_image=&#8220;923&#8243; parallax_speed_bg=&#8220;1&#8243; css=&#8220;.vc_custom_1530779228897{padding-top: 200px !important;padding-bottom: 200px !important;}&#8220;][vc_column][vc_custom_heading text=&#8220;Bauen \/ Wohnen&#8220; font_container=&#8220;tag:h2|text_align:center|color:%23ffffff&#8220; google_fonts=&#8220;font_family:Roboto%3A100%2C100italic%2C300%2C300italic%2Cregular%2Citalic%2C500%2C500italic%2C700%2C700italic%2C900%2C900italic|font_style:400%20regular%3A400%3Anormal&#8220;][\/vc_column][\/vc_row][vc_row][vc_column][vc_column_text]<b>Bauen &amp; Wohnen &#8211; Das Neubaugebiet<\/b><\/p>\n<p>K\u00f6nigseggwald bietet eine f\u00fcr l\u00e4ndliche Gemeinden hervorragende Infrastruktur mit Kindergarten, Lebensmittelgesch\u00e4ft, Gastronomie, \u00dcbernachtungsm\u00f6glichkeiten und zahlreichen Freiberuflern, Handwerks- und Dienstleistungsbetrieben. In n\u00e4chster Nachbarschaft finden Sie Schulen und weitere Einkaufsm\u00f6glichkeiten. Unsere Vereine und kulturellen Veranstaltungen bieten zahlreiche M\u00f6glichkeiten zur aktiven Freizeitgestaltung. Umgeben von W\u00e4ldern, Seen und Naturschutzgebieten mit Wanderwegen, finden sich interessante Ausflugsziele, um in der Natur Erholung zu finden<a href=\"https:\/\/koenigseggwald.de\/index.php\/das-spielen-von-online-spielautomaten-ist-eine-der-lieblingsbeschaeftigungen-der-landbewohner\/\">.<\/a><span class=\"Apple-converted-space\">\u00a0<\/span><\/p>\n<p>F\u00fcr weiterf\u00fchrende Information wenden Sie sich bitte an Herrn B\u00fcrgermeister Benedikt Endriss, B\u00fcrgermeisteramt K\u00f6nigseggwald<br \/>\nHauptstra\u00dfe 17<br \/>\n88376 K\u00f6nigseggwald<br \/>\nTelefon 07587-95020<br \/>\noder per <a href=\"mailto:gemeinde@koenigseggwald.de\" target=\"_blank\" rel=\"noopener noreferrer\">E-Mail<\/a>.<span class=\"Apple-converted-space\">\u00a0<\/span>[\/vc_column_text][\/vc_column][\/vc_row][vc_row full_width=&#8220;stretch_row&#8220; css=&#8220;.vc_custom_1563780244542{background-color: rgba(0,0,0,0.03) !important;*background-color: rgb(0,0,0) !important;}&#8220;][vc_column][vc_custom_heading text=&#8220;Baugebiet Ozetweiher II<br \/>\nBitte die Unterlagen herunterladen, ausf\u00fcllen und bei Interesse abgeben.&#8220; google_fonts=&#8220;font_family:Roboto%3A100%2C100italic%2C300%2C300italic%2Cregular%2Citalic%2C500%2C500italic%2C700%2C700italic%2C900%2C900italic|font_style:400%20regular%3A400%3Anormal&#8220;][\/vc_column][\/vc_row][vc_row full_width=&#8220;stretch_row&#8220; css=&#8220;.vc_custom_1765885762557{background-color: rgba(0,0,0,0.03) !important;*background-color: rgb(0,0,0) !important;}&#8220;][vc_column width=&#8220;1\/2&#8243;][vc_column_text]<strong>Bebauungsplan Ozetweiher II, 1591-004-2024-12-19-BPlanOzetweiherII<\/strong><\/p>\n<p><a href=\"https:\/\/koenigseggwald.de\/wp-content\/uploads\/2025\/12\/1591-004-2024-12-19-BPlanOzetweiherII.pdf\" target=\"_blank\" rel=\"noopener\">Download PDF<\/a>[\/vc_column_text][\/vc_column][vc_column width=&#8220;1\/2&#8243;][vc_column_text]<b>Bebauungsplan Ozetweiher II, schriftlicher Teil (B1), 1591-2024-12-19-BP-ST-A_B-4<\/b><\/p>\n<p><a href=\"https:\/\/koenigseggwald.de\/wp-content\/uploads\/2025\/12\/1591-2024-12-19-BP-ST-A_B-4.pdf\" target=\"_blank\" rel=\"noopener noreferrer\">Download PDF<\/a>[\/vc_column_text][\/vc_column][\/vc_row][vc_row full_width=&#8220;stretch_row&#8220; css=&#8220;.vc_custom_1765885762557{background-color: rgba(0,0,0,0.03) !important;*background-color: rgb(0,0,0) !important;}&#8220;][vc_column width=&#8220;1\/2&#8243;][vc_column_text]<strong>Bewerbungsbogen Teil I, pers\u00f6nliche Daten<\/strong><\/p>\n<p><a href=\"https:\/\/koenigseggwald.de\/wp-content\/uploads\/2025\/12\/Bewerbungsbogen-Teil-I-Persoenliche-Daten.pdf\" target=\"_blank\" rel=\"noopener noreferrer\">Download PDF<\/a>[\/vc_column_text][\/vc_column][vc_column width=&#8220;1\/2&#8243;][vc_column_text]<strong>Bewerbungsbogen Teil II, Bieterverfahren<\/strong><\/p>\n<p><a href=\"https:\/\/koenigseggwald.de\/wp-content\/uploads\/2025\/12\/BewerbungsbogenTeilIIBieterverfahren.pdf\" target=\"_blank\" rel=\"noopener\">Download PDF<\/a>[\/vc_column_text][\/vc_column][\/vc_row][vc_row full_width=&#8220;stretch_row&#8220; css=&#8220;.vc_custom_1765885762557{background-color: rgba(0,0,0,0.03) !important;*background-color: rgb(0,0,0) !important;}&#8220;][vc_column width=&#8220;1\/2&#8243;][vc_column_text]<strong>Bewerbungsbogen Teil II, Losverfahren<\/strong><\/p>\n<p><a href=\"https:\/\/koenigseggwald.de\/wp-content\/uploads\/2025\/12\/BewerbungsbogenTeilIILosverfahren.pdf\" target=\"_blank\" rel=\"noopener noreferrer\">Download PDF<\/a>[\/vc_column_text][\/vc_column][vc_column width=&#8220;1\/2&#8243;][vc_column_text]<strong>Merkblatt Bewerbungs- und Losverfahren<\/strong><\/p>\n<p><a href=\"https:\/\/koenigseggwald.de\/wp-content\/uploads\/2025\/12\/MerkblattBewerbungs-undLosverfahren.pdf\" target=\"_blank\" rel=\"noopener\">Download PDF<\/a>[\/vc_column_text][\/vc_column][\/vc_row][vc_row full_width=&#8220;stretch_row&#8220; css=&#8220;.vc_custom_1765885762557{background-color: rgba(0,0,0,0.03) !important;*background-color: rgb(0,0,0) !important;}&#8220;][vc_column width=&#8220;1\/2&#8243;][vc_column_text]<strong>Preise Bieterverfahren<\/strong><\/p>\n<p><a href=\"https:\/\/koenigseggwald.de\/wp-content\/uploads\/2026\/01\/Preise_Bieterverfahren.pdf\" target=\"_blank\" rel=\"noopener noreferrer\">Download PDF<\/a>[\/vc_column_text][\/vc_column][vc_column width=&#8220;1\/2&#8243;][vc_column_text]Anschauung Baupl\u00e4tze mit Preisspanne<\/p>\n<p><a href=\"https:\/\/koenigseggwald.de\/wp-content\/uploads\/2026\/03\/Anschauung-Bauplaetzeze_mit-Preisspanne_Stand_01.02.2026.pdf\" target=\"_blank\" rel=\"noopener\">Download PDF<\/a>[\/vc_column_text][\/vc_column][\/vc_row]<\/p>\n","protected":false},"excerpt":{"rendered":"<p>Informationen zur Bebauung freigegebenen Grundst\u00fccke.<\/p>\n","protected":false},"author":1,"featured_media":923,"parent":0,"menu_order":0,"comment_status":"closed","ping_status":"open","template":"","meta":{"footnotes":""},"class_list":["post-313","page","type-page","status-publish","has-post-thumbnail","hentry","categories-buerger"],"_links":{"self":[{"href":"https:\/\/koenigseggwald.de\/index.php\/wp-json\/wp\/v2\/pages\/313","targetHints":{"allow":["GET"]}}],"collection":[{"href":"https:\/\/koenigseggwald.de\/index.php\/wp-json\/wp\/v2\/pages"}],"about":[{"href":"https:\/\/koenigseggwald.de\/index.php\/wp-json\/wp\/v2\/types\/page"}],"author":[{"embeddable":true,"href":"https:\/\/koenigseggwald.de\/index.php\/wp-json\/wp\/v2\/users\/1"}],"replies":[{"embeddable":true,"href":"https:\/\/koenigseggwald.de\/index.php\/wp-json\/wp\/v2\/comments?post=313"}],"version-history":[{"count":14,"href":"https:\/\/koenigseggwald.de\/index.php\/wp-json\/wp\/v2\/pages\/313\/revisions"}],"predecessor-version":[{"id":5805,"href":"https:\/\/koenigseggwald.de\/index.php\/wp-json\/wp\/v2\/pages\/313\/revisions\/5805"}],"wp:featuredmedia":[{"embeddable":true,"href":"https:\/\/koenigseggwald.de\/index.php\/wp-json\/wp\/v2\/media\/923"}],"wp:attachment":[{"href":"https:\/\/koenigseggwald.de\/index.php\/wp-json\/wp\/v2\/media?parent=313"}],"curies":[{"name":"wp","href":"https:\/\/api.w.org\/{rel}","templated":true}]}}