{"id":299,"date":"2018-06-04T17:46:40","date_gmt":"2018-06-04T15:46:40","guid":{"rendered":"https:\/\/homepage-qkr4bkkudr.live-website.com\/web\/?page_id=299"},"modified":"2020-01-08T18:02:10","modified_gmt":"2020-01-08T17:02:10","slug":"kirche","status":"publish","type":"page","link":"https:\/\/koenigseggwald.de\/index.php\/kirche\/","title":{"rendered":"Kirche"},"content":{"rendered":"<p>[vc_row full_width=&#8220;stretch_row_content_no_spaces&#8220; parallax=&#8220;content-moving-fade&#8220; parallax_image=&#8220;966&#8243; css=&#8220;.vc_custom_1531126593815{padding-top: 200px !important;padding-bottom: 200px !important;}&#8220;][vc_column][\/vc_column][\/vc_row][vc_row full_width=&#8220;stretch_row&#8220; css=&#8220;.vc_custom_1528140785857{background-color: rgba(0,0,0,0.09) !important;*background-color: rgb(0,0,0) !important;}&#8220;][vc_column width=&#8220;1\/3&#8243;][vc_custom_heading text=&#8220;Kath. Kirchengemeinde&#8220; font_container=&#8220;tag:h3|text_align:left&#8220; google_fonts=&#8220;font_family:Roboto%3A100%2C100italic%2C300%2C300italic%2Cregular%2Citalic%2C500%2C500italic%2C700%2C700italic%2C900%2C900italic|font_style:400%20regular%3A400%3Anormal&#8220; link=&#8220;||target:%20_blank|&#8220;][vc_column_text]Kath. Kirchengemeinde<br \/>\nKirchplatz 1<br \/>\n88376 K\u00f6nigseggwald<\/p>\n<p>Telefon: 07587-345[\/vc_column_text][\/vc_column][vc_column width=&#8220;2\/3&#8243; css=&#8220;.vc_custom_1528131859117{margin-left: 70px !important;}&#8220;][vc_column_text]<strong>Pfarramtssekret\u00e4rin Petra Neher ist dienstags von 9.00 &#8211; 11.30 Uhr, mittwochs von 16-18 Uhr und Freitags von 9.00 &#8211; 11.00 Uhr pers\u00f6nlich f\u00fcr Ihre Anliegen da.<\/strong><\/p>\n<p>Unsere lebendige katholische Gemeinde pr\u00e4gt unser Dorf im Verlaufe des Kirchenjahres und bietet Struktur mit ihrem Brauchtum im Wechsel der Jahreszeiten. Mit Pfarrer Christof Mayer ist unsere Gemeinde in die Seelsorgeeinheit Altshausen eingebunden. F\u00fcr gelebten und lebendigen Glauben im Dorf setzt sich unser Pfarrvikar Jeeson Kanjirathingal in den Gottesdiensten, ebenso wie im allt\u00e4glichen Leben aktiv ein. Weitere aktive Menschen aus dem Dorf k\u00fcmmern sich um unsere Kirche St. Georg: bei fast allen Aktivit\u00e4ten d\u00fcrfen wir uns auf das Organisationstalent der 2. Vorsitzenden des Kirchengemeinderates Martina Geser verlassen, unsere Mesnerin Erika Krezdorn, unser Kirchenpfleger Harald Nehrenheim, f\u00fcr den Blumenschmuck Verantwortliche Sabine Prasser, Organist Guido Dorn, unsere Ministranten sowie der gesamte Kirchengemeinderat. Nicht zuletzt lebt unsere Gemeinde von weiteren Ehrenamtlichen, die sich einsetzen, um das K\u00f6nigseggwalder Jahr abwechselungsreich zu gestalten.<span class=\"Apple-converted-space\">\u00a0<\/span><\/p>\n<p>In unserem Verbandsanzeiger und Kirchenblatt finden Sie die Gottesdienstzeiten und aktuellen kirchlichen Veranstaltungen.<\/p>\n<p>Zus\u00e4tzliche Informationen finden Sie auf der Website der <a href=\"http:\/\/seelsorgeeinheit-altshausen.de\/de\/ihre_kirchen\/koenigseggwald.php#anchor_cc3a72ce_Accordion-8-Foerdergemeinschaft-Soziale-Dienste\" target=\"_blank\" rel=\"noopener noreferrer\"><strong>Seelsorgeeinheit Altshausen<\/strong><\/a>[\/vc_column_text][\/vc_column][\/vc_row][vc_row full_width=&#8220;stretch_row_content_no_spaces&#8220;][vc_column][vc_media_grid element_width=&#8220;2&#8243; grid_id=&#8220;vc_gid:1578502864654-20198967-6369-4&#8243; include=&#8220;570,536,525,523,1136,524,1235,1227,1228,1229,1230,1231,1232,1233,1234,1238,1239,1240,1241,1236,1237,1144,569,571&#8243;][\/vc_column][\/vc_row]<\/p>\n","protected":false},"excerpt":{"rendered":"<p>Das Pfarramt ist dienstag: von 8-11.30 Uhr, mittwochs von 16-18 Uhr und Freitags von 8-10.30 Uhr f\u00fcr Sie ge\u00f6ffnet.<\/p>\n","protected":false},"author":1,"featured_media":966,"parent":0,"menu_order":0,"comment_status":"closed","ping_status":"open","template":"","meta":{"footnotes":""},"class_list":["post-299","page","type-page","status-publish","has-post-thumbnail","hentry","categories-gesellschaft"],"_links":{"self":[{"href":"https:\/\/koenigseggwald.de\/index.php\/wp-json\/wp\/v2\/pages\/299","targetHints":{"allow":["GET"]}}],"collection":[{"href":"https:\/\/koenigseggwald.de\/index.php\/wp-json\/wp\/v2\/pages"}],"about":[{"href":"https:\/\/koenigseggwald.de\/index.php\/wp-json\/wp\/v2\/types\/page"}],"author":[{"embeddable":true,"href":"https:\/\/koenigseggwald.de\/index.php\/wp-json\/wp\/v2\/users\/1"}],"replies":[{"embeddable":true,"href":"https:\/\/koenigseggwald.de\/index.php\/wp-json\/wp\/v2\/comments?post=299"}],"version-history":[{"count":0,"href":"https:\/\/koenigseggwald.de\/index.php\/wp-json\/wp\/v2\/pages\/299\/revisions"}],"wp:featuredmedia":[{"embeddable":true,"href":"https:\/\/koenigseggwald.de\/index.php\/wp-json\/wp\/v2\/media\/966"}],"wp:attachment":[{"href":"https:\/\/koenigseggwald.de\/index.php\/wp-json\/wp\/v2\/media?parent=299"}],"curies":[{"name":"wp","href":"https:\/\/api.w.org\/{rel}","templated":true}]}}