{"id":297,"date":"2018-06-04T17:46:01","date_gmt":"2018-06-04T15:46:01","guid":{"rendered":"https:\/\/homepage-qkr4bkkudr.live-website.com\/web\/?page_id=297"},"modified":"2024-04-30T13:48:14","modified_gmt":"2024-04-30T11:48:14","slug":"familie-kinder-jugend","status":"publish","type":"page","link":"https:\/\/koenigseggwald.de\/index.php\/familie-kinder-jugend\/","title":{"rendered":"Familie \/ Kinder \/ Jugend"},"content":{"rendered":"<p>[vc_row full_width=&#8220;stretch_row_content_no_spaces&#8220; parallax=&#8220;content-moving-fade&#8220; parallax_image=&#8220;916&#8243; css=&#8220;.vc_custom_1531940572946{padding-top: 200px !important;padding-bottom: 200px !important;}&#8220;][vc_column][\/vc_column][\/vc_row][vc_row][vc_column][vc_custom_heading text=&#8220;Kinderg\u00e4rten&#8220; google_fonts=&#8220;font_family:Roboto%3A100%2C100italic%2C300%2C300italic%2Cregular%2Citalic%2C500%2C500italic%2C700%2C700italic%2C900%2C900italic|font_style:400%20regular%3A400%3Anormal&#8220;][vc_column_text]F\u00fcr unsere Gemeinde K\u00f6nigseggwald haben wir zwei kirchliche Kindertageseinrichtungen mit 56 Pl\u00e4tzen f\u00fcr Kinder ab dem Alter von einem Jahr bis zum Schuleintritt erschaffen.<\/p>\n<p><strong>Unsere Einrichtungen:<\/strong><\/p>\n<p>Der <strong>Kindergarten St. Georg<\/strong> \u2013Ganztageseinrichtung (<strong>36 Pl\u00e4tze<\/strong>)<br \/>\nDer <strong>Waldkindergarten Sonnenkinder<\/strong> \u2013Waldeinrichtung V\u00d6 (<strong>20 Pl\u00e4tze<\/strong>)<\/p>\n<p>F\u00fcr unsere Platzvergabe ist unsere Gesamtleitung zust\u00e4ndig.<br \/>\nM\u00f6chten Sie Ihr Kind bei uns in K\u00f6nigseggwald anmelden? Haben Sie allgemeine Fragen? Dann melden Sie sich doch gerne bei unserer Gesamtleitung.<\/p>\n<p><strong>Kontaktdaten:<\/strong><br \/>\nKath. Kindergarten<br \/>\nSeestr. 2<br \/>\n88376 K\u00f6nigseggwald<br \/>\nTelefon: 07587-535<br \/>\nE-Mail: <a href=\"mailto:leitungstgeorg.koenigseggwald@kiga.drs.de\">leitungstgeorg.koenigseggwald@kiga.drs.de<\/a><\/p>\n<p>Wenn Sie Ihr Kind in einer unserer Kindertageseinrichtungen anmelden wollen, nutzen Sie bitte hierzu den Anmeldebogen (<a href=\"https:\/\/koenigseggwald.de\/wp-content\/uploads\/2024\/03\/Anmeldebogen_-54_Aufnahmeverfahren_Anlage1.pdf\" target=\"_blank\" rel=\"noopener\">Anmeldebogen<\/a>)<\/p>\n<p><a href=\"https:\/\/koenigseggwald.de\/wp-content\/uploads\/2024\/04\/Elternbeitraege_Homepage_April2024.pdf\" target=\"_blank\" rel=\"noopener\">Beitr\u00e4ge<\/a> (Stand April 2024)[\/vc_column_text][\/vc_column][\/vc_row][vc_row][vc_column][vc_separator][\/vc_column][\/vc_row][vc_row full_width=&#8220;stretch_row&#8220;][vc_column width=&#8220;2\/5&#8243;][vc_custom_heading text=&#8220;Kindergarten St. Georg&#8220; font_container=&#8220;tag:h3|text_align:left&#8220; google_fonts=&#8220;font_family:Roboto%3A100%2C100italic%2C300%2C300italic%2Cregular%2Citalic%2C500%2C500italic%2C700%2C700italic%2C900%2C900italic|font_style:400%20regular%3A400%3Anormal&#8220; link=&#8220;|||&#8220;][vc_column_text]Kath. Kindergarten<br \/>\nSeestr. 2<br \/>\n88376 K\u00f6nigseggwald<\/p>\n<p>Telefon: 07587-535<\/p>\n<p><a href=\"mailto:leitungstgeorg.koenigseggwald@kiga.drs.de\">leitungstgeorg.koenigseggwald@kiga.drs.de<\/a><\/p>\n<p><a href=\"https:\/\/kitaportal.drs.de\/profil\/374\" target=\"_blank\" rel=\"noopener\">Angebotsprofil | Kath. Kindergarten St. Georg (K\u00f6nigseggwald)<\/a>[\/vc_column_text][\/vc_column][vc_column width=&#8220;1\/5&#8243;][vc_single_image image=&#8220;4145&#8243; img_size=&#8220;160x180px&#8220; alignment=&#8220;right&#8220; onclick=&#8220;img_link_large&#8220;][\/vc_column][vc_column width=&#8220;2\/5&#8243;][vc_single_image image=&#8220;4865&#8243; img_size=&#8220;large&#8220; onclick=&#8220;img_link_large&#8220; img_link_target=&#8220;_blank&#8220;][\/vc_column][\/vc_row][vc_row full_width=&#8220;stretch_row&#8220; equal_height=&#8220;yes&#8220; content_placement=&#8220;top&#8220; css=&#8220;.vc_custom_1709549887165{margin-top: 50px !important;}&#8220;][vc_column width=&#8220;1\/3&#8243;][vc_single_image image=&#8220;4860&#8243; img_size=&#8220;medium&#8220; onclick=&#8220;link_image&#8220;][\/vc_column][vc_column width=&#8220;1\/3&#8243;][vc_single_image image=&#8220;4859&#8243; img_size=&#8220;medium&#8220; onclick=&#8220;link_image&#8220;][\/vc_column][vc_column width=&#8220;1\/3&#8243;][vc_single_image image=&#8220;4858&#8243; img_size=&#8220;medium&#8220; onclick=&#8220;link_image&#8220;][\/vc_column][\/vc_row][vc_row][vc_column][vc_separator][\/vc_column][\/vc_row][vc_row full_width=&#8220;stretch_row&#8220; css=&#8220;.vc_custom_1709549967507{margin-top: 50px !important;}&#8220;][vc_column width=&#8220;2\/5&#8243;][vc_custom_heading text=&#8220;Natur-\/Waldkindergarten Sonnenkinder&#8220; font_container=&#8220;tag:h3|text_align:left&#8220; google_fonts=&#8220;font_family:Roboto%3A100%2C100italic%2C300%2C300italic%2Cregular%2Citalic%2C500%2C500italic%2C700%2C700italic%2C900%2C900italic|font_style:400%20regular%3A400%3Anormal&#8220; link=&#8220;|||&#8220;][vc_column_text]Kontaktdaten:<\/p>\n<p>Telefon Mobil: 0176-84971489<br \/>\nTelefon Festnetz: 07587 \/ 959 98 60<\/p>\n<p><a title=\"mailto:leitungsonnenkinder.koenigseggwald@kiga.drs.de\" href=\"mailto:leitungsonnenkinder.koenigseggwald@kiga.drs.de\">leitungsonnenkinder.koenigseggwald@kiga.drs.de<\/a><\/p>\n<p><a href=\"https:\/\/kitaportal.drs.de\/profil\/659\" target=\"_blank\" rel=\"noopener\">Angebotsprofil | Sonnenkinder im K\u00f6nigseggWALD (K\u00f6nigseggwald)<\/a>[\/vc_column_text][\/vc_column][vc_column width=&#8220;1\/5&#8243;][vc_single_image image=&#8220;4856&#8243; img_size=&#8220;180x250px&#8220; alignment=&#8220;right&#8220; onclick=&#8220;img_link_large&#8220;][\/vc_column][vc_column width=&#8220;2\/5&#8243;][vc_single_image image=&#8220;3833&#8243; img_size=&#8220;large&#8220; onclick=&#8220;img_link_large&#8220; img_link_target=&#8220;_blank&#8220;][\/vc_column][\/vc_row][vc_row full_width=&#8220;stretch_row&#8220; equal_height=&#8220;yes&#8220; content_placement=&#8220;top&#8220; css=&#8220;.vc_custom_1709549887165{margin-top: 50px !important;}&#8220;][vc_column width=&#8220;1\/3&#8243;][vc_single_image image=&#8220;4862&#8243; img_size=&#8220;medium&#8220; onclick=&#8220;link_image&#8220;][\/vc_column][vc_column width=&#8220;1\/3&#8243;][vc_single_image image=&#8220;4861&#8243; img_size=&#8220;medium&#8220; onclick=&#8220;link_image&#8220;][\/vc_column][vc_column width=&#8220;1\/3&#8243;][vc_single_image image=&#8220;4864&#8243; img_size=&#8220;medium&#8220; onclick=&#8220;link_image&#8220;][\/vc_column][\/vc_row][vc_row][vc_column][vc_separator][\/vc_column][\/vc_row][vc_row][vc_column][vc_custom_heading text=&#8220;Schulen im Umkreis von K\u00f6nigseggwald&#8220; google_fonts=&#8220;font_family:Roboto%3A100%2C100italic%2C300%2C300italic%2Cregular%2Citalic%2C500%2C500italic%2C700%2C700italic%2C900%2C900italic|font_style:400%20regular%3A400%3Anormal&#8220;][vc_column_text]K\u00f6nigseggwald selbst verf\u00fcgt \u00fcber keine Schule. Die Bildungseinrichtungen der Nachbarorte sind allerdings in wenigen Fahrminuten erreichbar. Der Schulbus h\u00e4lt regelm\u00e4\u00dfig bei uns im Ort. Folgendes Schulangebot liegt in n\u00e4chster N\u00e4he:[\/vc_column_text][\/vc_column][\/vc_row][vc_row][vc_column width=&#8220;1\/2&#8243;][vc_column_text]<strong>Grundschule Riedhausen<br \/>\n<\/strong><a href=\"http:\/\/www.gs-riedhausen.de\/\" target=\"_blank\" rel=\"noopener noreferrer\">www.gs-riedhausen.de<\/a><\/p>\n<p><strong><br \/>\nHerzog &#8211; Philipp &#8211; Verbandsschule Altshausen<\/strong><br \/>\nHauptschule mit Werkrealschule<br \/>\n<a href=\"http:\/\/www.hpv-altshausen.de\/\" target=\"_blank\" rel=\"noopener noreferrer\">www.hpv-altshausen.de<\/a><\/p>\n<p>&nbsp;<\/p>\n<p><strong>Reinhold-Frank-Schulzentrum Ostrachtal<\/strong><br \/>\nGemeinschaftsschule<br \/>\n<a href=\"http:\/\/www.schulzentrum-ostrach.de\/\" target=\"_blank\" rel=\"noopener noreferrer\">www.schulzentrum-ostrach.de<\/a><\/p>\n<p>&nbsp;<\/p>\n<p><strong>Otto-Lilienthal-Realschule<\/strong><br \/>\n<a href=\"http:\/\/www.realschule-wilhelmsdorf.de\/\" target=\"_blank\" rel=\"noopener noreferrer\">www.realschule-wilhelmsdorf.de<\/a><\/p>\n<p>&nbsp;<\/p>\n<p><strong>Gymnasium Wilhelmsdorf<\/strong><br \/>\n<a href=\"http:\/\/www.gymnasium-wilhelmsdorf.de\/\" target=\"_blank\" rel=\"noopener noreferrer\">www.gymnasium-wilhelmsdorf.de<\/a><\/p>\n<p>&nbsp;<\/p>\n<p><strong>Progymnasium Altshausen<\/strong><br \/>\n<a href=\"http:\/\/www.progymnasium-altshausen.de\/\" target=\"_blank\" rel=\"noopener noreferrer\">www.progymnasium-altshausen.de<\/a>[\/vc_column_text][\/vc_column][vc_column width=&#8220;1\/2&#8243;][vc_column_text]<strong>St\u00f6rckgymnasium<\/strong><br \/>\n<a href=\"http:\/\/www.stoerckgymnasium.de\/\" target=\"_blank\" rel=\"noopener noreferrer\">www.stoerckgymnasium.de<\/a><\/p>\n<p>&nbsp;<\/p>\n<p><strong>Realschule Bad Saulgau<\/strong><br \/>\n<a href=\"http:\/\/www.realschule-bad-saulgau.de\/\" target=\"_blank\" rel=\"noopener noreferrer\">www.realschule-bad-saulgau.de<\/a><\/p>\n<p>&nbsp;<\/p>\n<p><strong>Studienkolleg Sankt Johann in Bl\u00f6nried<\/strong><br \/>\n<a href=\"http:\/\/www.studienkolleg-st-johann.de\/joh2\/index.php\" target=\"_blank\" rel=\"noopener noreferrer\">www.studienkolleg-st-johann.de<\/a><\/p>\n<p>&nbsp;<\/p>\n<p><strong>F\u00f6rderschule Altshausen<\/strong><br \/>\n<a href=\"mailto:foerderschule-altshausen@web.de\">foerderschule-altshausen@web.de<\/a><\/p>\n<p>&nbsp;<\/p>\n<p><strong>H\u00f6r- Sprachzentrum in Altshausen<\/strong><br \/>\n<a href=\"http:\/\/www.hoer-sprachzentrum-altshausen.de\/\" target=\"_blank\" rel=\"noopener noreferrer\">www.hoer-sprachzentrum-altshausen.de\/<\/a>[\/vc_column_text][\/vc_column][\/vc_row]<\/p>\n","protected":false},"excerpt":{"rendered":"<p>Kindergarten und Schulen rund um unseren kleinen Ort<\/p>\n","protected":false},"author":1,"featured_media":916,"parent":0,"menu_order":0,"comment_status":"closed","ping_status":"open","template":"","meta":{"footnotes":""},"class_list":["post-297","page","type-page","status-publish","has-post-thumbnail","hentry","categories-gesellschaft"],"_links":{"self":[{"href":"https:\/\/koenigseggwald.de\/index.php\/wp-json\/wp\/v2\/pages\/297","targetHints":{"allow":["GET"]}}],"collection":[{"href":"https:\/\/koenigseggwald.de\/index.php\/wp-json\/wp\/v2\/pages"}],"about":[{"href":"https:\/\/koenigseggwald.de\/index.php\/wp-json\/wp\/v2\/types\/page"}],"author":[{"embeddable":true,"href":"https:\/\/koenigseggwald.de\/index.php\/wp-json\/wp\/v2\/users\/1"}],"replies":[{"embeddable":true,"href":"https:\/\/koenigseggwald.de\/index.php\/wp-json\/wp\/v2\/comments?post=297"}],"version-history":[{"count":20,"href":"https:\/\/koenigseggwald.de\/index.php\/wp-json\/wp\/v2\/pages\/297\/revisions"}],"predecessor-version":[{"id":4977,"href":"https:\/\/koenigseggwald.de\/index.php\/wp-json\/wp\/v2\/pages\/297\/revisions\/4977"}],"wp:featuredmedia":[{"embeddable":true,"href":"https:\/\/koenigseggwald.de\/index.php\/wp-json\/wp\/v2\/media\/916"}],"wp:attachment":[{"href":"https:\/\/koenigseggwald.de\/index.php\/wp-json\/wp\/v2\/media?parent=297"}],"curies":[{"name":"wp","href":"https:\/\/api.w.org\/{rel}","templated":true}]}}