{"id":280,"date":"2018-06-04T17:41:47","date_gmt":"2018-06-04T15:41:47","guid":{"rendered":"https:\/\/homepage-qkr4bkkudr.live-website.com\/web\/?page_id=280"},"modified":"2025-02-26T10:06:09","modified_gmt":"2025-02-26T09:06:09","slug":"kultur","status":"publish","type":"page","link":"https:\/\/koenigseggwald.de\/index.php\/kultur\/","title":{"rendered":"Kultur"},"content":{"rendered":"<p>[vc_row full_width=&#8220;stretch_row_content_no_spaces&#8220; parallax=&#8220;content-moving-fade&#8220; parallax_image=&#8220;511&#8243; parallax_speed_bg=&#8220;1.6&#8243; css=&#8220;.vc_custom_1528305197631{padding-top: 200px !important;padding-bottom: 200px !important;}&#8220;][vc_column][\/vc_column][\/vc_row][vc_row][vc_column][vc_custom_heading text=&#8220;Unsere Feste im Jahreslauf&#8220; google_fonts=&#8220;font_family:Roboto%3A100%2C100italic%2C300%2C300italic%2Cregular%2Citalic%2C500%2C500italic%2C700%2C700italic%2C900%2C900italic|font_style:400%20regular%3A400%3Anormal&#8220;][\/vc_column][\/vc_row][vc_row][vc_column][vc_column_text]Es ist immer wieder sch\u00f6n, gemeinsam zu feiern, Nachbarn zu treffen, f\u00fcr die man unter dem Jahr wenig Zeit findet und sich auszutauschen. Zum gemeinsamen Feiern z\u00e4hlt bei uns auch die gemeinsame Vorbereitung. Ein Team aus ehrenamtlichen Helfern und die Vereine tragen zum Gelingen unserer Dorffeste bei.<\/p>\n<p>Im Turnus von zwei Jahren findet das <strong>Kinder- und Sommerfest<\/strong> auf unserer Festwiese statt. Musik und Kulinarisches laden dort ins Festzelt. Ein historischer Umzug mit handgen\u00e4hten Kost\u00fcmen und prachtvoll geschm\u00fcckten Wagen bildet den festlichen H\u00f6hepunkt rund um ein vielseitiges Familienprogramm.<\/p>\n<p>Festlich gepflegt werden auch die jahreszeitlichen und kirchlichen Traditionen. Narrenbaumstellen und B\u00fcrgerball, Funkenfeuer und Osterlauf, Maiwanderungen und Fronleichnamsprozession mit kunstvoll geschm\u00fcckten Teppichen, Halloween und Martinsumzug und nach der Weihnacht mit den festlichen Adventsfenstern das Jahresausklangskonzert &#8211; f\u00fcr jedes Alter und jedes Interesse ist ein Programmpunkt geboten.<\/p>\n<p>Werfen Sie einen Blick in unseren Veranstaltungskalender. Wir laden Sie herzlich ein, mit uns zu feiern.<\/p>\n<p>[\/vc_column_text][\/vc_column][\/vc_row][vc_row][vc_column][vc_custom_heading text=&#8220;Veranstaltungskalender 2025&#8243; google_fonts=&#8220;font_family:Roboto%3A100%2C100italic%2C300%2C300italic%2Cregular%2Citalic%2C500%2C500italic%2C700%2C700italic%2C900%2C900italic|font_style:400%20regular%3A400%3Anormal&#8220;][\/vc_column][\/vc_row][vc_row][vc_column][vc_column_text]Im Jahr 2025 wird es wieder einen Veranstaltungskalender geben. Den kompletten Veranstaltungskalender finden Sie auf unserer Homepage und im \u00f6ffentlichen Aushang des Rathauses. Da manche Termine noch nicht feststehen oder unter dem Jahr noch weitere Termine hinzukommen wird der Veranstaltungskalender auf der Homepage laufend aktualisiert.<\/p>\n<h4>Februar 2025<\/h4>\n<p><img loading=\"lazy\" decoding=\"async\" class=\"alignnone wp-image-5363 size-full\" src=\"https:\/\/koenigseggwald.de\/wp-content\/uploads\/2025\/01\/Veranstaltungskalender-02_25-1.jpg\" alt=\"\" width=\"650\" height=\"253\" srcset=\"https:\/\/koenigseggwald.de\/wp-content\/uploads\/2025\/01\/Veranstaltungskalender-02_25-1.jpg 650w, https:\/\/koenigseggwald.de\/wp-content\/uploads\/2025\/01\/Veranstaltungskalender-02_25-1-300x117.jpg 300w, https:\/\/koenigseggwald.de\/wp-content\/uploads\/2025\/01\/Veranstaltungskalender-02_25-1-150x58.jpg 150w\" sizes=\"auto, (max-width:767px) 650px, 650px\" \/><br \/>\nAu\u00dferdem werden zum Ende eines Monats die jeweiligen Veranstaltungen des Folgemonats im Verbandsanzeiger ver\u00f6ffentlicht.<\/p>\n<p>Unser Dank gilt den \u00f6rtlichen Vereinen, der Feuerwehr und der Kirchengemeinde f\u00fcr die Zusammenarbeit bei der Erstellung des Veranstaltungskalenders.<\/p>\n<p><a href=\"https:\/\/koenigseggwald.de\/wp-content\/uploads\/2024\/12\/Veranstaltungskalender_2025-1.pdf\" target=\"_blank\" rel=\"noopener\">\u00dcbersicht Veranstaltungen 2025 zum Download<\/a>[\/vc_column_text][\/vc_column][\/vc_row][vc_row disable_element=&#8220;yes&#8220;][vc_column][vc_basic_grid post_type=&#8220;post&#8220; max_items=&#8220;10&#8243; grid_id=&#8220;vc_gid:1740560715179-23d842cb-2e24-2&#8243; taxonomies=&#8220;1&#8243;][\/vc_column][\/vc_row]<\/p>\n","protected":false},"excerpt":{"rendered":"<p>Es ist immer wieder sch\u00f6n, gemeinsam zu feiern<\/p>\n","protected":false},"author":1,"featured_media":968,"parent":0,"menu_order":0,"comment_status":"closed","ping_status":"open","template":"","meta":{"footnotes":""},"class_list":["post-280","page","type-page","status-publish","has-post-thumbnail","hentry","categories-freizeit"],"_links":{"self":[{"href":"https:\/\/koenigseggwald.de\/index.php\/wp-json\/wp\/v2\/pages\/280","targetHints":{"allow":["GET"]}}],"collection":[{"href":"https:\/\/koenigseggwald.de\/index.php\/wp-json\/wp\/v2\/pages"}],"about":[{"href":"https:\/\/koenigseggwald.de\/index.php\/wp-json\/wp\/v2\/types\/page"}],"author":[{"embeddable":true,"href":"https:\/\/koenigseggwald.de\/index.php\/wp-json\/wp\/v2\/users\/1"}],"replies":[{"embeddable":true,"href":"https:\/\/koenigseggwald.de\/index.php\/wp-json\/wp\/v2\/comments?post=280"}],"version-history":[{"count":6,"href":"https:\/\/koenigseggwald.de\/index.php\/wp-json\/wp\/v2\/pages\/280\/revisions"}],"predecessor-version":[{"id":5405,"href":"https:\/\/koenigseggwald.de\/index.php\/wp-json\/wp\/v2\/pages\/280\/revisions\/5405"}],"wp:featuredmedia":[{"embeddable":true,"href":"https:\/\/koenigseggwald.de\/index.php\/wp-json\/wp\/v2\/media\/968"}],"wp:attachment":[{"href":"https:\/\/koenigseggwald.de\/index.php\/wp-json\/wp\/v2\/media?parent=280"}],"curies":[{"name":"wp","href":"https:\/\/api.w.org\/{rel}","templated":true}]}}