{"id":271,"date":"2018-06-04T17:43:40","date_gmt":"2018-06-04T15:43:40","guid":{"rendered":"https:\/\/homepage-qkr4bkkudr.live-website.com\/web\/?page_id=271"},"modified":"2023-01-23T08:28:36","modified_gmt":"2023-01-23T07:28:36","slug":"ausflugsziele","status":"publish","type":"page","link":"https:\/\/koenigseggwald.de\/index.php\/ausflugsziele\/","title":{"rendered":"Ausflugsziele"},"content":{"rendered":"<p>[vc_row full_width=&#8220;stretch_row_content_no_spaces&#8220; parallax=&#8220;content-moving-fade&#8220; parallax_image=&#8220;1449&#8243; css=&#8220;.vc_custom_1531945785355{padding-top: 200px !important;padding-bottom: 200px !important;}&#8220;][vc_column][\/vc_column][\/vc_row][vc_row][vc_column][vc_column_text]<strong>Pfrunger-Burgweiler Ried<br \/>\n<a href=\"http:\/\/www.schwaebischer-heimatbund.de\/naturschutzzentrum.html\" target=\"top\" rel=\"noopener noreferrer\">Naturschutzzentrum Pfrunger Ried<\/a><br \/>\n<\/strong><\/p>\n<p>Das Pfrunger-Burgweiler Ried ist nach dem Federsee mit 2600 Hektar das zweitgr\u00f6\u00dfte zusammenh\u00e4ngende Moorgebiet S\u00fcdwestdeutschlands. Auf verschiedenen Rundwegen k\u00f6nnen Sie das Ried mit all seinen Facetten kennenlernen und Einblicke in die faszinierende Landschaft mit verschiedene Lebensr\u00e4umen und damit auch einer gro\u00dfen Artenvielfalt an Pflanzen und Tieren erhalten.<\/p>\n<p><strong>Naturschutzzentrum Wilhelmsdorf\u00a0<\/strong><br \/>\n<a href=\"http:\/\/schwaebischer-heimatbund.de\/naturschutzzentrum.html\" target=\"_blank\" rel=\"noopener noreferrer\">http:\/\/schwaebischer-heimatbund.de\/naturschutzzentrum.html<\/a><\/p>\n<p>Idealer Ausgangspunkt f\u00fcr einige der Rundwege ist das Naturschutzzentrum Wilhelmsdorf. Hier l\u00e4dt eine interaktive Dauerausstellung ein, sich mit der Geschichte des Moors zu befassen. Das Naturschutzzentrum Wilhelmsdorf bietet jedes Jahr ein vieseitiges Programmangebot und Weiterbildungsm\u00f6glichkeiten f\u00fcr Naturbegeisterte jeden Alters an.<\/p>\n<p><a href=\"https:\/\/homepage-qkr4bkkudr.live-website.com\/wp-content\/uploads\/2019\/04\/Jahresprogramm-2019_online.pdf\" target=\"_blank\" rel=\"noopener noreferrer\"><img loading=\"lazy\" decoding=\"async\" class=\"alignleft wp-image-2492 size-medium\" src=\"https:\/\/homepage-qkr4bkkudr.live-website.com\/wp-content\/uploads\/2019\/04\/programm-screen-300x173.png\" alt=\"\" width=\"300\" height=\"173\" srcset=\"https:\/\/koenigseggwald.de\/wp-content\/uploads\/2019\/04\/programm-screen-300x173.png 300w, https:\/\/koenigseggwald.de\/wp-content\/uploads\/2019\/04\/programm-screen-768x444.png 768w, https:\/\/koenigseggwald.de\/wp-content\/uploads\/2019\/04\/programm-screen-253x146.png 253w, https:\/\/koenigseggwald.de\/wp-content\/uploads\/2019\/04\/programm-screen-50x29.png 50w, https:\/\/koenigseggwald.de\/wp-content\/uploads\/2019\/04\/programm-screen-130x75.png 130w, https:\/\/koenigseggwald.de\/wp-content\/uploads\/2019\/04\/programm-screen.png 801w\" sizes=\"auto, (max-width:767px) 300px, 300px\" \/><\/a><\/p>\n<p>&nbsp;<\/p>\n<p>&nbsp;<\/p>\n<p><a href=\"https:\/\/koenigseggwald.de\/wp-content\/uploads\/2019\/04\/Jahresprogramm-2019_online.pdf\" target=\"_blank\" rel=\"noopener noreferrer\">DOWNLOAD JAHRESPROGRAMM 2019<\/a><\/p>\n<p>&nbsp;<\/p>\n<p>&nbsp;<\/p>\n<p>&nbsp;<\/p>\n<p><strong>Der K\u00f6nigseggsee &#8211; Naturfreibad<\/strong><\/p>\n<p>Der K\u00f6nigseggsee liegt nur wenige Fahrrad- oder Autominuten von der Ortschaft entfernt. Umrahmt von Wald- und Riedgebiet genie\u00dft man mit Blick auf die Burg K\u00f6nigsegg einen Familien-Badetag in diesem etwa 18 Hektar gro\u00dfen Natursee. Mittlerweile bietet das Freibad am K\u00f6nigseggsee auch ein Veranstaltungsprogramm an.<\/p>\n<p><span class=\"ve-fett-rost\">Telefon SeeCaf\u00e9: 07587 \/ 950 7519<br \/>\n<\/span><\/p>\n<p>&nbsp;<\/p>\n<p><span class=\"ve-fett-rost\"><strong>Das Schloss Altshausen<\/strong><br \/>\n<\/span><a href=\"http:\/\/www.altshausen.de\/index.php?id=422\" target=\"_blank\" rel=\"noopener noreferrer\">www.altshausen.de\/index.php?id=422<\/a>[\/vc_column_text][\/vc_column][\/vc_row][vc_row full_width=&#8220;stretch_row_content_no_spaces&#8220;][vc_column][vc_media_grid element_width=&#8220;3&#8243; grid_id=&#8220;vc_gid:1674458889075-26b613bc4be910fd4e117a0ab6e50724-6&#8243; include=&#8220;584,579,582,1249,1250,1251,1252,576&#8243;][\/vc_column][\/vc_row]<\/p>\n","protected":false},"excerpt":{"rendered":"<p>von Ried, \u00fcber Schlo\u00df bis zum See&#8230;.  <\/p>\n","protected":false},"author":1,"featured_media":1449,"parent":0,"menu_order":0,"comment_status":"closed","ping_status":"open","template":"","meta":{"footnotes":""},"class_list":["post-271","page","type-page","status-publish","has-post-thumbnail","hentry","categories-freizeit"],"_links":{"self":[{"href":"https:\/\/koenigseggwald.de\/index.php\/wp-json\/wp\/v2\/pages\/271","targetHints":{"allow":["GET"]}}],"collection":[{"href":"https:\/\/koenigseggwald.de\/index.php\/wp-json\/wp\/v2\/pages"}],"about":[{"href":"https:\/\/koenigseggwald.de\/index.php\/wp-json\/wp\/v2\/types\/page"}],"author":[{"embeddable":true,"href":"https:\/\/koenigseggwald.de\/index.php\/wp-json\/wp\/v2\/users\/1"}],"replies":[{"embeddable":true,"href":"https:\/\/koenigseggwald.de\/index.php\/wp-json\/wp\/v2\/comments?post=271"}],"version-history":[{"count":1,"href":"https:\/\/koenigseggwald.de\/index.php\/wp-json\/wp\/v2\/pages\/271\/revisions"}],"predecessor-version":[{"id":4320,"href":"https:\/\/koenigseggwald.de\/index.php\/wp-json\/wp\/v2\/pages\/271\/revisions\/4320"}],"wp:featuredmedia":[{"embeddable":true,"href":"https:\/\/koenigseggwald.de\/index.php\/wp-json\/wp\/v2\/media\/1449"}],"wp:attachment":[{"href":"https:\/\/koenigseggwald.de\/index.php\/wp-json\/wp\/v2\/media?parent=271"}],"curies":[{"name":"wp","href":"https:\/\/api.w.org\/{rel}","templated":true}]}}