{"id":260,"date":"2018-06-04T17:37:52","date_gmt":"2018-06-04T15:37:52","guid":{"rendered":"https:\/\/homepage-qkr4bkkudr.live-website.com\/web\/?page_id=260"},"modified":"2019-09-21T11:36:55","modified_gmt":"2019-09-21T09:36:55","slug":"partnerstadt","status":"publish","type":"page","link":"https:\/\/koenigseggwald.de\/index.php\/partnerstadt\/","title":{"rendered":"Partnerstadt"},"content":{"rendered":"<p>[vc_row full_width=&#8220;stretch_row_content_no_spaces&#8220; parallax=&#8220;content-moving-fade&#8220; parallax_image=&#8220;601&#8243; parallax_speed_bg=&#8220;0.6&#8243; css=&#8220;.vc_custom_1569058575350{margin-top: -100px !important;padding-top: 400px !important;padding-bottom: 500px !important;}&#8220;][vc_column][\/vc_column][\/vc_row][vc_row css=&#8220;.vc_custom_1569058587313{margin-top: -200px !important;}&#8220;][vc_column][vc_column_text]<\/p>\n<h2><strong>B\u00e1tmonostor und K\u00f6nigseggwald sind St\u00e4dtepartner <\/strong><\/h2>\n<p>B\u00e1tmonostor ist ein Dorf im Komitat B\u00e1cs-Kiskun, in der s\u00fcdlichen Tiefebene S\u00fcdungarns,\u00a010 km s\u00fcdlich von Baja.<\/p>\n<p>Im Verlauf der Jahre haben sich die anf\u00e4nglichen Kontakte immer weiter entwickelt. Heute besteht ein vielf\u00e4ltiger Austausch auf Ebene der Schulen, der Kirchen und Vereine, die von beiden Seiten getragen werden.[\/vc_column_text][\/vc_column][\/vc_row][vc_row full_width=&#8220;stretch_row_content_no_spaces&#8220;][vc_column][vc_gmaps link=&#8220;#E-8_JTNDaWZyYW1lJTIwc3JjJTNEJTIyaHR0cHMlM0ElMkYlMkZ3d3cuZ29vZ2xlLmNvbSUyRm1hcHMlMkZlbWJlZCUzRnBiJTNEJTIxMW0xOCUyMTFtMTIlMjExbTMlMjExZDg4NTI4LjU2NTIyMDQ2OTkxJTIxMmQxOC44Mjk3NzUyMDc4MDQxMyUyMTNkNDYuMTAwNTkxMDExMjIxNTI1JTIxMm0zJTIxMWYwJTIxMmYwJTIxM2YwJTIxM20yJTIxMWkxMDI0JTIxMmk3NjglMjE0ZjEzLjElMjEzbTMlMjExbTIlMjExczB4NDc0MzIwZWYzOTQwYzcyMSUyNTNBMHhhMTczMTgzN2QyNzdjNGUzJTIxMnNCJTI1QzMlMjVBMXRtb25vc3RvciUyNTJDJTJCNjUyOCUyQlVuZ2FybiUyMTVlMCUyMTNtMiUyMTFzZGUlMjEyc2RlJTIxNHYxNTMxOTQzNjAwNjYxJTIyJTIwd2lkdGglM0QlMjI2MDAlMjIlMjBoZWlnaHQlM0QlMjI0NTAlMjIlMjBmcmFtZWJvcmRlciUzRCUyMjAlMjIlMjBzdHlsZSUzRCUyMmJvcmRlciUzQTAlMjIlMjBhbGxvd2Z1bGxzY3JlZW4lM0UlM0MlMkZpZnJhbWUlM0U=&#8220;][\/vc_column][\/vc_row][vc_row full_width=&#8220;stretch_row_content_no_spaces&#8220; full_height=&#8220;yes&#8220; equal_height=&#8220;yes&#8220;][vc_column][vc_media_grid element_width=&#8220;3&#8243; grid_id=&#8220;vc_gid:1569058594633-87d45871-f4e8-2&#8243; include=&#8220;2833,2832,2831,2830,2829,2828,2827,2826,2825,2824,2823,2822,2821,2820,2819,2818,2817,2816,2815,2814&#8243;][\/vc_column][\/vc_row]<\/p>\n","protected":false},"excerpt":{"rendered":"<p>B\u00e1tmonostor ist ein Dorf im Komitat B\u00e1cs-Kiskun, in der s\u00fcdlichen Tiefebene S\u00fcdungarns.<\/p>\n","protected":false},"author":1,"featured_media":601,"parent":0,"menu_order":0,"comment_status":"closed","ping_status":"open","template":"","meta":{"footnotes":""},"class_list":["post-260","page","type-page","status-publish","has-post-thumbnail","hentry","categories-buerger"],"_links":{"self":[{"href":"https:\/\/koenigseggwald.de\/index.php\/wp-json\/wp\/v2\/pages\/260","targetHints":{"allow":["GET"]}}],"collection":[{"href":"https:\/\/koenigseggwald.de\/index.php\/wp-json\/wp\/v2\/pages"}],"about":[{"href":"https:\/\/koenigseggwald.de\/index.php\/wp-json\/wp\/v2\/types\/page"}],"author":[{"embeddable":true,"href":"https:\/\/koenigseggwald.de\/index.php\/wp-json\/wp\/v2\/users\/1"}],"replies":[{"embeddable":true,"href":"https:\/\/koenigseggwald.de\/index.php\/wp-json\/wp\/v2\/comments?post=260"}],"version-history":[{"count":0,"href":"https:\/\/koenigseggwald.de\/index.php\/wp-json\/wp\/v2\/pages\/260\/revisions"}],"wp:featuredmedia":[{"embeddable":true,"href":"https:\/\/koenigseggwald.de\/index.php\/wp-json\/wp\/v2\/media\/601"}],"wp:attachment":[{"href":"https:\/\/koenigseggwald.de\/index.php\/wp-json\/wp\/v2\/media?parent=260"}],"curies":[{"name":"wp","href":"https:\/\/api.w.org\/{rel}","templated":true}]}}