{"id":2372,"date":"2019-02-23T17:41:59","date_gmt":"2019-02-23T16:41:59","guid":{"rendered":"https:\/\/homepage-qkr4bkkudr.live-website.com\/?page_id=2372"},"modified":"2019-03-02T11:46:49","modified_gmt":"2019-03-02T10:46:49","slug":"narrenbaum","status":"publish","type":"page","link":"https:\/\/koenigseggwald.de\/index.php\/narrenbaum\/","title":{"rendered":"Narrenbaum"},"content":{"rendered":"<p>[vc_row full_width=&#8220;stretch_row_content_no_spaces&#8220; parallax=&#8220;content-moving-fade&#8220; parallax_image=&#8220;2394&#8243; parallax_speed_bg=&#8220;1.2&#8243; css=&#8220;.vc_custom_1550955342572{padding-top: 200px !important;padding-bottom: 200px !important;}&#8220;][vc_column][\/vc_column][\/vc_row][vc_row][vc_column][vc_custom_heading text=&#8220;Narrenbaumstellen 2019&#8243; google_fonts=&#8220;font_family:Roboto%3A100%2C100italic%2C300%2C300italic%2Cregular%2Citalic%2C500%2C500italic%2C700%2C700italic%2C900%2C900italic|font_style:400%20regular%3A400%3Anormal&#8220;][vc_column_text]Hier k\u00f6nnte noch ein sch\u00f6ner text stehen&#8230;<\/p>\n<div id=\"idTextPanel\" class=\"jqDnR\">\n<p>\u00dcberall dieselbe alte Leier. Das Layout ist fertig, der Text l\u00e4sst auf sich warten. Damit das Layout nun nicht nackt im Raume steht und sich klein und leer vorkommt, springe ich ein: der Blindtext. Genau zu diesem Zwecke erschaffen, immer im Schatten meines gro\u00dfen Bruders \u00bbLorem Ipsum\u00ab, freue ich mich jedes Mal, wenn Sie ein paar Zeilen lesen. Denn esse est percipi &#8211; Sein ist wahrgenommen werden. Und weil Sie nun schon die G\u00fcte haben, mich ein paar weitere S\u00e4tze lang zu begleiten, m\u00f6chte ich diese Gelegenheit nutzen, Ihnen nicht nur als L\u00fcckenf\u00fcller zu dienen, sondern auf etwas hinzuweisen, das es ebenso verdient wahrgenommen zu werden: Webstandards n\u00e4mlich. Sehen Sie, Webstandards sind das Regelwerk, auf dem Webseiten aufbauen. So gibt es Regeln f\u00fcr HTML, CSS, JavaScript oder auch XML; Worte, die Sie vielleicht schon einmal von Ihrem Entwickler geh\u00f6rt haben. Diese Standards sorgen daf\u00fcr, dass alle Beteiligten aus einer Webseite den gr\u00f6\u00dften Nutzen ziehen. Im Gegensatz zu fr\u00fcheren Webseiten m\u00fcssen wir zum Beispiel nicht mehr zwei verschiedene Webseiten f\u00fcr den Internet Explorer und einen anderen Browser programmieren.<\/p>\n<\/div>\n<p>[\/vc_column_text][\/vc_column][\/vc_row][vc_row full_width=&#8220;stretch_row_content&#8220;][vc_column][vc_media_grid element_width=&#8220;3&#8243; initial_loading_animation=&#8220;zoomIn&#8220; grid_id=&#8220;vc_gid:1551523499695-7f4e5e60-8b65-2&#8243; include=&#8220;2291,2293,2294,2295,2296,2297,2301,2300,2299,2313,2314,2317,2318,2316,2312,2311,2320,2330,2331,2321,2354,2355,2298,2302,2303,2305,2307,2308,2309,2310,2323,2325,2327,2328,2329,2332,2333,2334,2336,2337,2340,2342,2343,2344,2345,2346,2347,2348,2349,2351,2352,2353,2356,2358,2361,2363,2364,2365,2367,2368&#8243;][\/vc_column][\/vc_row]<\/p>\n","protected":false},"excerpt":{"rendered":"<p>[vc_row full_width=&#8220;stretch_row_content_no_spaces&#8220; parallax=&#8220;content-moving-fade&#8220; parallax_image=&#8220;2394&#8243; parallax_speed_bg=&#8220;1.2&#8243; css=&#8220;.vc_custom_1550955342572{padding-top: 200px !important;padding-bottom: 200px !important;}&#8220;][vc_column][\/vc_column][\/vc_row][vc_row][vc_column][vc_custom_heading text=&#8220;Narrenbaumstellen 2019&#8243; google_fonts=&#8220;font_family:Roboto%3A100%2C100italic%2C300%2C300italic%2Cregular%2Citalic%2C500%2C500italic%2C700%2C700italic%2C900%2C900italic|font_style:400%20regular%3A400%3Anormal&#8220;][vc_column_text]Hier k\u00f6nnte noch<span class=\"excerpt-hellip\"> [\u2026]<\/span><\/p>\n","protected":false},"author":1,"featured_media":0,"parent":0,"menu_order":0,"comment_status":"closed","ping_status":"closed","template":"","meta":{"footnotes":""},"class_list":["post-2372","page","type-page","status-publish","hentry"],"_links":{"self":[{"href":"https:\/\/koenigseggwald.de\/index.php\/wp-json\/wp\/v2\/pages\/2372","targetHints":{"allow":["GET"]}}],"collection":[{"href":"https:\/\/koenigseggwald.de\/index.php\/wp-json\/wp\/v2\/pages"}],"about":[{"href":"https:\/\/koenigseggwald.de\/index.php\/wp-json\/wp\/v2\/types\/page"}],"author":[{"embeddable":true,"href":"https:\/\/koenigseggwald.de\/index.php\/wp-json\/wp\/v2\/users\/1"}],"replies":[{"embeddable":true,"href":"https:\/\/koenigseggwald.de\/index.php\/wp-json\/wp\/v2\/comments?post=2372"}],"version-history":[{"count":0,"href":"https:\/\/koenigseggwald.de\/index.php\/wp-json\/wp\/v2\/pages\/2372\/revisions"}],"wp:attachment":[{"href":"https:\/\/koenigseggwald.de\/index.php\/wp-json\/wp\/v2\/media?parent=2372"}],"curies":[{"name":"wp","href":"https:\/\/api.w.org\/{rel}","templated":true}]}}