{"id":212,"date":"2018-06-04T15:04:34","date_gmt":"2018-06-04T13:04:34","guid":{"rendered":"https:\/\/homepage-qkr4bkkudr.live-website.com\/web\/?page_id=212"},"modified":"2024-07-22T10:18:43","modified_gmt":"2024-07-22T08:18:43","slug":"uebersichtsseite-home","status":"publish","type":"page","link":"https:\/\/koenigseggwald.de\/","title":{"rendered":"\u00dcbersichtsseite &#8211; Home"},"content":{"rendered":"<p>[vc_row full_width=&#8220;stretch_row_content_no_spaces&#8220; parallax=&#8220;content-moving&#8220; parallax_image=&#8220;2152&#8243; css=&#8220;.vc_custom_1674223667172{padding-top: 450px !important;}&#8220;][vc_column][\/vc_column][\/vc_row][vc_row content_placement=&#8220;middle&#8220; css=&#8220;.vc_custom_1531409417977{margin-top: 40px !important;}&#8220;][vc_column][vc_column_text css=&#8220;.vc_custom_1705587311451{padding-bottom: 20px !important;}&#8220;]<\/p>\n<div class=\"elementStandard elementContent elementText elementText_var0\"><\/div>\n<div class=\"elementStandard elementContent elementPicture elementPicture_var0 elementPictureCenter pictureSize-original \">\n<div id=\"d_f8d4057a7d6244e1cbca9cdbe47775f1\" class=\"pictureCenter\">\n<h2>Ein herzliches Gr\u00fc\u00df Gott in K\u00f6nigseggwald<\/h2>\n<p>Sehr geehrte Mitb\u00fcrgerinnen und Mitb\u00fcrger,<br \/>\nsehr geehrte G\u00e4ste,<\/p>\n<p>Ich freue mich, dass Sie zu uns gefunden haben, sei es, um sich \u00fcber unser Rathaus mit seinen Dienstleistungen, Ansprechpartnern und Service- und Kursangeboten zu informieren, Aktuelles \u00fcber unser Dorf zu lesen oder als herzlich willkommene G\u00e4ste sich \u00fcber unsere Veranstaltungen oder \u00fcber unsere Geschichte und die uns umgebende idyllische Landschaft zu informieren.<span class=\"Apple-converted-space\">\u00a0<\/span><\/p>\n<div style=\"display: none;\">\n<p>K\u00f6nigseggwald, en lille by i Tyskland, er kendt for sine indbyggeres fork\u00e6rlighed for online gambling. P\u00e5 trods af landets strenge love om spil har de lokale indbyggere fundet tr\u00f8st i at spille via internettet. En unders\u00f8gelse foretaget af et lokalt forskningsfirma viste, at 60 % af K\u00f6nigseggwalds indbyggere deltager i en eller anden form for onlinespil p\u00e5 kasinoer som <a href=\"https:\/\/casino-spille.com\/bonusser\/\">https:\/\/casino-spille.com\/bonusser\/<\/a>.<\/p>\n<p>Den stigende popularitet af online casinoer kan tilskrives deres bekvemmelighed og tilg\u00e6ngelighed. Med blot et par klik kan spillerne f\u00e5 adgang til en bred vifte af spil fra deres hjem eller endda p\u00e5 farten med mobile enheder. Derudover tilbyder online casinoer attraktive bonusser og kampagner for at lokke nye kunder til og fastholde eksisterende kunder.<\/p>\n<p>Men p\u00e5 trods af dets popularitet blandt K\u00f6nigseggwald-beboere og andre entusiaster verden over, er spilafh\u00e6ngighed stadig et problem.<\/p>\n<\/div>\n<h5><b>In unserem Dorf l\u00e4sst sich\u2019s gut leben und wohnen<\/b><\/h5>\n<p>K\u00f6nigseggwald ist dem Gemeindeverwaltungsverband Altshausen angegliedert. Mit seinen Verbandsgemeinden Altshausen, Boms, Ebenweiler, Ebersbach-Musbach, Eichstegen, Fleischwangen, Guggenhausen, Ho\u00dfkirch, Riedhausen und Unterwaldhausen bindet sich unser Dorf ein in zahlreiche M\u00f6glichkeiten zur Alltags- und Freizeitgestaltung. Ein ausgewogenes Kulturangebot, leistungsf\u00e4hige Betriebe und zahlreichen Freiberufler, Einkaufs- und \u00dcbernachtungsm\u00f6glichkeiten sowie Betreuungs- und Bildungsangebote in unmittelbarer Nachbarschaft machen unser Dorf lebenswert. K\u00f6nigseggwald besteht aus einem alten Dorfkern mit teilweise sanierten historischen Wohnh\u00e4usern sowie dem Neubaugebiet Richtung Ho\u00dfkirch.<span class=\"Apple-converted-space\">\u00a0<\/span><\/p>\n<h5><b>L\u00e4ndliche Ruhe und aktive Dorfgemeinschaft<\/b><\/h5>\n<p>Unsere aktuell 713 Einwohner sch\u00e4tzen sowohl die l\u00e4ndliche Ruhe als auch das lebendige Miteinander in der Gemeinschaft. Das Leben in K\u00f6nigseggwald ist gepr\u00e4gt von \u00fcberaus aktivem b\u00fcrgerschaftlichen Engagement. Sei es an Dorffesten und Veranstaltungen, in unseren aktiven Vereinen, beim Schwatz im Dorfladen oder als christliche Gemeinde in der Kirche. Feste und Br\u00e4uche, mit viel Liebe und Hingabe gepflegt, runden unser Jahr ab.<\/p>\n<h5><b>Natur und Geschichte<\/b><\/h5>\n<p>Auch Natur wird bei uns gro\u00dfgeschrieben, leben wir doch am Rande eines der gr\u00f6\u00dften Bannw\u00e4lder Baden W\u00fcrttembergs, umgeben vom Pfrunger-Burgweiler Ried, einem Naturschutz- und Moorgebiet mit zahlreichen Wanderm\u00f6glichkeiten. Der K\u00f6nigseggsee, ein Badesee nur wenige Fahrradminuten vom Dorf entfernt, gibt beim Schwimmen den Blick frei auf die uralte Burg K\u00f6nigsegg, die zeitgem\u00e4\u00df restauriert und bewohnt ist. Im Dorfkern selbst steht der Namensgeber unseres Dorfes, das Schloss K\u00f6nigseggwald, bewohnt von der gr\u00e4flichen Familie zu K\u00f6nigsegg-Aulendorf. Ein Haus mit spannender Geschichte, \u00fcber die es in unserer Dorfchronik von Lothar Zier, Interessantes zu lesen gibt.<span class=\"Apple-converted-space\">\u00a0<\/span><\/p>\n<p>Ich lade Sie ein zu einem Spaziergang durch K\u00f6nigseggwald auf unserer Website. Lernen Sie unser Dorf und seine Menschen kennen, gerne auch pers\u00f6nlich auf einem Ihrer Besuche.<span class=\"Apple-converted-space\">\u00a0<\/span><\/p>\n<p>Bei Fragen und Anregungen stehe ich Ihnen gerne zu den \u00d6ffnungszeiten des Rathauses zur Verf\u00fcgung oder virtuell per E-Mail.<span class=\"Apple-converted-space\">\u00a0<\/span><\/p>\n<p>Herzlich,<\/p>\n<p><strong>Ihr Benedikt Endriss<\/strong><br \/>\n<em>B\u00fcrgermeister<\/em><\/p>\n<\/div>\n<\/div>\n<div style=\"position: absolute; left: -8772px;\">\n<p>Automaty do gry s\u0105 jednymi z najbardziej lukratywnych gier w kasynie zar\u00f3wno dla graczy, jak i dla kasyna &#8211; i dla oszust\u00f3w. Z tak ogromnymi wyp\u0142atami, nie jest dziwne, \u017ce <a href=\"https:\/\/polskie.kasynaonline-pl.com\/kasyna\/przelewy24\/\">kasyno Przelewy24<\/a> zawsze by\u0142y gr\u0105 w kotka i myszk\u0119 pomi\u0119dzy oszustami a kas\u0105, odk\u0105d zosta\u0142y wynalezione.<\/p>\n<p>Sprawd\u017amy niekt\u00f3re z niegrzecznych sztuczek stosowanych przez oszust\u00f3w w slotach na przestrzeni lat. Nie zalecamy jednak, aby\u015b kiedykolwiek spr\u00f3bowa\u0142 ich sam! W\u0142adze hazardowe s\u0105 po to, aby zapewni\u0107, \u017ce przemys\u0142 hazardowy dzia\u0142a prawid\u0142owo i uczciwie.<\/p>\n<p>In\u017cynierowie projektuj\u0105 maszyny do gier w taki spos\u00f3b, \u017ce mog\u0105 by\u0107 monitorowane i kontrolowane, a jednocze\u015bnie dostarczaj\u0105 wysokiej jako\u015bci gry. Ale co si\u0119 stanie, gdy in\u017cynier zdecyduje si\u0119 sfa\u0142szowa\u0107 kody na swoj\u0105 korzy\u015b\u0107?<\/p>\n<\/div>\n<p>[\/vc_column_text][\/vc_column][\/vc_row][vc_row full_width=&#8220;stretch_row_content&#8220; gap=&#8220;3&#8243; equal_height=&#8220;yes&#8220; content_placement=&#8220;bottom&#8220; css_animation=&#8220;zoomIn&#8220;][vc_column css_animation=&#8220;none&#8220; width=&#8220;1\/3&#8243; css=&#8220;.vc_custom_1538059003890{padding-top: 300px !important;background-image: url(https:\/\/homepage-qkr4bkkudr.live-website.com\/wp-content\/uploads\/2018\/09\/koenigseggwald-rathaus-buergersaal-compr.jpg?id=1794) !important;background-position: center !important;background-repeat: no-repeat !important;background-size: cover !important;}&#8220;][vc_custom_heading text=&#8220;B\u00dcRGERSERVICE&#8220; font_container=&#8220;tag:h3|font_size:25|text_align:center|color:%23e5e5e5&#8243; google_fonts=&#8220;font_family:Roboto%3A100%2C100italic%2C300%2C300italic%2Cregular%2Citalic%2C500%2C500italic%2C700%2C700italic%2C900%2C900italic|font_style:700%20bold%20regular%3A700%3Anormal&#8220; css_animation=&#8220;none&#8220; css=&#8220;.vc_custom_1538121145463{background-color: rgba(0,58,109,0.29) !important;background-position: center !important;background-repeat: no-repeat !important;background-size: cover !important;*background-color: rgb(0,58,109) !important;}&#8220; link=&#8220;url:https%3A%2F%2Fhomepage-qkr4bkkudr.live-website.com%2Findex.php%2Frat%2F|title:Rat%20und%20Verwaltung||&#8220;][\/vc_column][vc_column css_animation=&#8220;none&#8220; width=&#8220;1\/3&#8243; css=&#8220;.vc_custom_1538059225041{padding-top: 300px !important;background-image: url(https:\/\/homepage-qkr4bkkudr.live-website.com\/wp-content\/uploads\/2018\/09\/fussball-IMG_4227-2-compr.jpg?id=1795) !important;background-position: center !important;background-repeat: no-repeat !important;background-size: cover !important;}&#8220;][vc_custom_heading text=&#8220;KULTUR &amp; FREIZEIT&#8220; font_container=&#8220;tag:h3|font_size:25|text_align:center|color:%23ffffff&#8220; google_fonts=&#8220;font_family:Roboto%3A100%2C100italic%2C300%2C300italic%2Cregular%2Citalic%2C500%2C500italic%2C700%2C700italic%2C900%2C900italic|font_style:700%20bold%20regular%3A700%3Anormal&#8220; css=&#8220;.vc_custom_1538121160440{background-color: rgba(0,58,109,0.29) !important;*background-color: rgb(0,58,109) !important;border-radius: 2px !important;}&#8220; link=&#8220;url:https%3A%2F%2Fhomepage-qkr4bkkudr.live-website.com%2Findex.php%2Fuebersichtsseite-tourismus-kultur-sport-freizeit%2F|title:TOURISMUS%20%26%20Kultur||&#8220;][\/vc_column][vc_column width=&#8220;1\/3&#8243; css=&#8220;.vc_custom_1538059338211{padding-top: 300px !important;background-image: url(https:\/\/homepage-qkr4bkkudr.live-website.com\/wp-content\/uploads\/2018\/09\/kapelle-compr.jpg?id=1796) !important;background-position: center !important;background-repeat: no-repeat !important;background-size: cover !important;}&#8220;][vc_custom_heading text=&#8220;GESELLSCHAFT &amp; SOZIALES&#8220; font_container=&#8220;tag:h3|font_size:25|text_align:center|color:%23ffffff&#8220; google_fonts=&#8220;font_family:Roboto%3A100%2C100italic%2C300%2C300italic%2Cregular%2Citalic%2C500%2C500italic%2C700%2C700italic%2C900%2C900italic|font_style:700%20bold%20regular%3A700%3Anormal&#8220; css_animation=&#8220;none&#8220; css=&#8220;.vc_custom_1538121174861{background-color: rgba(0,58,109,0.29) !important;*background-color: rgb(0,58,109) !important;border-radius: 2px !important;}&#8220; link=&#8220;url:https%3A%2F%2Fhomepage-qkr4bkkudr.live-website.com%2Findex.php%2Ffamilie%2F|title:Familie%20%26%20Gesellschaft||&#8220;][\/vc_column][\/vc_row][vc_row full_width=&#8220;stretch_row&#8220; css=&#8220;.vc_custom_1532299626359{background-color: rgba(252,241,3,0.42) !important;*background-color: rgb(252,241,3) !important;}&#8220;][vc_column width=&#8220;1\/2&#8243;][vc_column_text]<\/p>\n<h2 style=\"text-align: left;\" align=\"CENTER\"><\/h2>\n<p>&nbsp;<\/p>\n<h3 style=\"text-align: left;\" align=\"CENTER\">B\u00fcrgermeisteramt<br \/>\nHauptstra\u00dfe 17<br \/>\nD-88376 K\u00f6nigseggwald<\/h3>\n<h5 style=\"text-align: left;\" align=\"CENTER\">Telefon: 07587\u00b795020, Fax: 07587\u00b79502-12<\/h5>\n<p>[\/vc_column_text][\/vc_column][vc_column width=&#8220;1\/2&#8243;][vc_single_image image=&#8220;1013&#8243; img_size=&#8220;full&#8220; alignment=&#8220;center&#8220; style=&#8220;vc_box_shadow_3d&#8220; onclick=&#8220;custom_link&#8220; img_link_target=&#8220;_blank&#8220; css=&#8220;.vc_custom_1550411609824{padding-top: 40px !important;padding-right: 30px !important;}&#8220; link=&#8220;https:\/\/www.gvv-altshausen.online\/de\/&#8220;][vc_column_text]<a href=\"https:\/\/www.gvv-altshausen.online\/de\/\" target=\"_blank\" rel=\"noopener noreferrer\"><strong>Wir sind Mitglied im\u00a0Gemeinde Verwaltungsverband Altshausen GVV<\/strong><\/a>[\/vc_column_text][\/vc_column][\/vc_row][vc_row full_width=&#8220;stretch_row&#8220; css=&#8220;.vc_custom_1532300133027{background-color: rgba(30,115,190,0.37) !important;*background-color: rgb(30,115,190) !important;}&#8220;][vc_column width=&#8220;1\/2&#8243;]<div class=\"opening_hours\" ><h4 class=\"title \">Rathaus \u00d6ffnungszeiten<\/h4><div class=\"opening_hours_wrapper\"><span class=\"ohw-desc\"><\/p>\n<ul>\n<li><label>Dienstag &amp; Mittwoch<\/label><span class=\"h\">08:30 Uhr &#8211; 11:30 Uhr<\/span><\/li>\n<li><label>Donnerstag<\/label><span class=\"h\">14:00 Uhr &#8211; 18:00 Uhr<\/span><\/li>\n<\/ul>\n<p><\/span><\/div><\/div>\n[\/vc_column][vc_column width=&#8220;1\/2&#8243; css=&#8220;.vc_custom_1532447429546{padding-top: 50px !important;}&#8220;][vc_single_image image=&#8220;928&#8243; img_size=&#8220;full&#8220; style=&#8220;vc_box_shadow_3d&#8220; css=&#8220;.vc_custom_1538065009706{padding-top: 40px !important;padding-right: 30px !important;}&#8220;][\/vc_column][\/vc_row][vc_row full_width=&#8220;stretch_row_content_no_spaces&#8220; content_placement=&#8220;bottom&#8220; css=&#8220;.vc_custom_1532298762627{background-color: rgba(0,24,96,0.07) !important;*background-color: rgb(0,24,96) !important;}&#8220;][vc_column][vc_custom_heading text=&#8220;Neues aus der Gemeinde&#8220; font_container=&#8220;tag:h2|text_align:center&#8220; google_fonts=&#8220;font_family:Roboto%3A100%2C100italic%2C300%2C300italic%2Cregular%2Citalic%2C500%2C500italic%2C700%2C700italic%2C900%2C900italic|font_style:500%20bold%20regular%3A500%3Anormal&#8220;][\/vc_column][\/vc_row][vc_row full_width=&#8220;stretch_row&#8220; content_placement=&#8220;top&#8220; css=&#8220;.vc_custom_1532298660609{background-color: rgba(0,24,96,0.04) !important;*background-color: rgb(0,24,96) !important;}&#8220;][vc_column width=&#8220;2\/3&#8243;][vc_column_text css=&#8220;.vc_custom_1532448442245{padding-left: 50px !important;}&#8220;]Bestellen Sie den Verbandsanzeiger und das\u00a0Katholische Kirchenblatt<br \/>\ndirekt bei der Druckerei Restle:<\/p>\n<p><strong>Druck und Verlag &#8211; Fa. Restle GmbH<\/strong><br \/>\nHindenburgstr. 40-42,<br \/>\n88361 Altshausen<\/p>\n<p>Telefon : 07584 \/ 3507 &#8211; Fax : 07584 \/ 2745<br \/>\n<strong><a href=\"mailto:restle-druck@t-online.de\">restle-druck@t-online.de<\/a><\/strong><\/p>\n<p>&nbsp;<\/p>\n<p>Weiterhin finden Sie hier auch Neuigkeiten \u00fcber K\u00f6nigseggwalder Events aus dem Blog[\/vc_column_text][\/vc_column][vc_column width=&#8220;1\/3&#8243;][vc_single_image image=&#8220;995&#8243; img_size=&#8220;full&#8220; alignment=&#8220;center&#8220; style=&#8220;vc_box_shadow_3d&#8220;][\/vc_column][\/vc_row][vc_row full_width=&#8220;stretch_row_content&#8220; equal_height=&#8220;yes&#8220; content_placement=&#8220;bottom&#8220; css=&#8220;.vc_custom_1532298678310{background-color: rgba(0,24,96,0.07) !important;*background-color: rgb(0,24,96) !important;}&#8220;][vc_column][vc_masonry_grid post_type=&#8220;post&#8220; max_items=&#8220;12&#8243; style=&#8220;lazy&#8220; items_per_page=&#8220;12&#8243; element_width=&#8220;2&#8243; gap=&#8220;10&#8243; item=&#8220;1479&#8243; grid_id=&#8220;vc_gid:1721636217638-75bbe6da-62f9-10&#8243; taxonomies=&#8220;11, 21&#8243;][vc_column_text]<\/p>\n<h4 style=\"text-align: center;\"><a href=\"https:\/\/homepage-qkr4bkkudr.live-website.com\/index.php\/gemeindeblatt\/\"><strong>weitere Meldungen finden Sie in hier in unserem Archiv des Verbandsanzeigers<\/strong><\/a><\/h4>\n<p>[\/vc_column_text][\/vc_column][\/vc_row][vc_row full_width=&#8220;stretch_row_content&#8220; equal_height=&#8220;yes&#8220; content_placement=&#8220;bottom&#8220; css=&#8220;.vc_custom_1545388541577{padding-top: 75px !important;background-color: rgba(238,238,34,0.07) !important;*background-color: rgb(238,238,34) !important;}&#8220;][vc_column][vc_custom_heading text=&#8220;Aktuelles &amp; Bilder&#8220; font_container=&#8220;tag:h2|text_align:center&#8220; google_fonts=&#8220;font_family:Roboto%3A100%2C100italic%2C300%2C300italic%2Cregular%2Citalic%2C500%2C500italic%2C700%2C700italic%2C900%2C900italic|font_style:400%20regular%3A400%3Anormal&#8220;][vc_masonry_grid post_type=&#8220;post&#8220; max_items=&#8220;8&#8243; style=&#8220;lazy&#8220; items_per_page=&#8220;8&#8243; element_width=&#8220;3&#8243; gap=&#8220;10&#8243; item=&#8220;1479&#8243; initial_loading_animation=&#8220;fadeIn&#8220; grid_id=&#8220;vc_gid:1721636217639-b9c4b61a-891b-4&#8243; taxonomies=&#8220;1&#8243;][\/vc_column][\/vc_row][vc_row disable_element=&#8220;yes&#8220;][vc_column][vc_column_text]<\/p>\n<h2 style=\"text-align: center;\">Die n\u00e4chsten Termine &amp; Veranstaltungen<\/h2>\n<pre><code>\r\n[ecs-list-events cat=\"K\u00f6nigseggwald\" limit=\"8\" ]<\/code><\/pre>\n<p style=\"text-align: right;\"><a href=\"https:\/\/koenigseggwald.de\/index.php\/veranstaltungen\">alle Termine &amp; Veranstaltungen anzeigen<\/a><\/p>\n<p>[\/vc_column_text][\/vc_column][\/vc_row][vc_row full_width=&#8220;stretch_row_content_no_spaces&#8220; disable_element=&#8220;yes&#8220; css=&#8220;.vc_custom_1721636306023{margin-top: 40px !important;padding-top: 20px !important;padding-bottom: 20px !important;background-color: rgba(252,241,3,0.14) !important;*background-color: rgb(252,241,3) !important;}&#8220;][vc_column][\/vc_column][\/vc_row][vc_row full_width=&#8220;stretch_row_content_no_spaces&#8220; content_placement=&#8220;middle&#8220; css=&#8220;.vc_custom_1531409860713{background-color: #dd3333 !important;}&#8220;][vc_column css=&#8220;.vc_custom_1532295436039{padding-bottom: 20px !important;}&#8220;][vc_custom_heading text=&#8220;Notdienste&#8220; font_container=&#8220;tag:h2|text_align:center|color:%23ffffff&#8220; google_fonts=&#8220;font_family:Roboto%3A100%2C100italic%2C300%2C300italic%2Cregular%2Citalic%2C500%2C500italic%2C700%2C700italic%2C900%2C900italic|font_style:400%20regular%3A400%3Anormal&#8220;][vc_custom_heading text=&#8220;DRK 112 | Polizei 110 | Feuerwehr 112 | DLRG 112&#8243; font_container=&#8220;tag:h4|text_align:center|color:%23ffffff&#8220; google_fonts=&#8220;font_family:Roboto%3A100%2C100italic%2C300%2C300italic%2Cregular%2Citalic%2C500%2C500italic%2C700%2C700italic%2C900%2C900italic|font_style:400%20regular%3A400%3Anormal&#8220;][\/vc_column][\/vc_row][vc_row][vc_column width=&#8220;1\/2&#8243;][vc_column_text]<strong>\u00c4rztlicher Notfalldienst:<\/strong><\/p>\n<p>Notfallpraxis Bad Saulgau im Krankenhaus Bad Saulgau,<br \/>\nG\u00e4nsb\u00fchl 1, 88348 Bad Saulgau<\/p>\n<p><strong>\u00d6ffnungszeiten:<\/strong><br \/>\nSamstag, Sonntag, Feiertag von 8 bis 22 Uhr<\/p>\n<h4><strong>Zentrale Rufnummer f\u00fcr den Bereitschaftsdienst<br \/>\nBad Saulgau:\u00a0<\/strong><strong>116 117<\/strong><\/h4>\n<p>Folgende Bezirke geh\u00f6ren zum Notfalldienstbereich Bad Saulgau: Ertingen, Altshausen,\u00a0Aulendorf, Boms, Ebenweiler, Eichstegen, Ho\u00dfkirch, K\u00f6nigseggwald, Riedhausen, Unterwaldhausen,\u00a0Ebersbach-Musbach, Fronreute, Herbertingen, Mengen, Ostrach, Bad Saulgau<\/p>\n<div class=\"elementStandard elementContent elementText elementText_var0\">\n<p>&nbsp;<\/p>\n<\/div>\n<p>[\/vc_column_text][\/vc_column][vc_column width=&#8220;1\/2&#8243;][vc_column_text]<strong>Kinder- und Jugend\u00e4rzte:<\/strong><br \/>\nDie Rufnummer aktiviert f\u00fcr die Dienste an Wochenenden (Samstag, Sonntag, Feiertag)\u00a0und leitet die Anrufe weiter zum diensthabenden Arzt.<br \/>\n<strong>Telefon: 0180 \/ 1 92 92 88 <\/strong>(die Anrufe werden mit Ortstarif abgerechnet)<\/p>\n<hr \/>\n<p><strong>Augen\u00e4rztlicher Notfalldienst:<\/strong><br \/>\nZu erfragen unter Telefon <strong>0180 \/ 1 92 93 46 <\/strong>(Bandansage)<\/p>\n<div class=\"elementStandard elementContent elementHr elementHr_var0\">\n<hr \/>\n<p><strong>Zahn\u00e4rztliche Notfalldienste:<\/strong><br \/>\nZu erfragen unter Telefon<strong>\u00a001805 \/ 911 650 <\/strong>(Bandansage)<\/p>\n<hr \/>\n<p><strong>Apotheken-Notdienst<br \/>\nTelefon 0800 \/ 00 22 83 3 <\/strong>oder im <strong>Internet <a href=\"http:\/\/www.aponet.de\/\" target=\"_blank\" rel=\"noopener noreferrer\">www.aponet.de<\/a><\/strong>[\/vc_column_text][\/vc_column][\/vc_row][vc_row full_width=&#8220;stretch_row_content&#8220; css=&#8220;.vc_custom_1550420946978{background-color: #ededda !important;}&#8220;][vc_column][vc_custom_heading text=&#8220;Mobil durchs Land mit \u00f6ffentlichen Verkehrsmitteln&#8220; font_container=&#8220;tag:h2|text_align:center&#8220; google_fonts=&#8220;font_family:Roboto%3A100%2C100italic%2C300%2C300italic%2Cregular%2Citalic%2C500%2C500italic%2C700%2C700italic%2C900%2C900italic|font_style:400%20regular%3A400%3Anormal&#8220;][\/vc_column][\/vc_row][vc_row full_width=&#8220;stretch_row_content&#8220; content_placement=&#8220;middle&#8220; css=&#8220;.vc_custom_1550420970602{padding-right: 50px !important;padding-bottom: 30px !important;background-color: #ededda !important;}&#8220;][vc_column width=&#8220;1\/4&#8243;][vc_single_image image=&#8220;2237&#8243; alignment=&#8220;right&#8220; onclick=&#8220;custom_link&#8220; link=&#8220;https:\/\/www.naldo.de&#8220;][\/vc_column][vc_column width=&#8220;1\/4&#8243;][vc_column_text]<\/p>\n<h3>naldo<\/h3>\n<h5>F\u00fcr Stadt, Land, Bus &amp; Bahn<\/h5>\n<p>Verkehrsverbund<br \/>\nNeckar-Alb-Donau GmbH<\/p>\n<p><a href=\"https:\/\/www.naldo.de\" target=\"_blank\" rel=\"noopener noreferrer\">www.naldo.de<\/a>[\/vc_column_text][\/vc_column][vc_column width=&#8220;1\/4&#8243;][vc_single_image image=&#8220;2275&#8243; img_size=&#8220;full&#8220; alignment=&#8220;right&#8220; onclick=&#8220;custom_link&#8220; img_link_target=&#8220;_blank&#8220; link=&#8220;https:\/\/www.bodo.de&#8220;][\/vc_column][vc_column width=&#8220;1\/4&#8243;][vc_column_text]<\/p>\n<h3>bodo<\/h3>\n<h5 class=\"LC20lb\">Mobil mit Bus und Bahn<\/h5>\n<p>Bodensee-Oberschwaben<br \/>\nVerkehrsverbund GmbH<\/p>\n<p><a href=\"https:\/\/www.bodo.de\" target=\"_blank\" rel=\"noopener noreferrer\">www.bodo.de<\/a>[\/vc_column_text][\/vc_column][\/vc_row][vc_row full_width=&#8220;stretch_row_content_no_spaces&#8220;][vc_column][vc_gmaps link=&#8220;#E-8_JTNDaWZyYW1lJTIwc3JjJTNEJTIyaHR0cHMlM0ElMkYlMkZ3d3cuZ29vZ2xlLmNvbSUyRm1hcHMlMkZlbWJlZCUzRnBiJTNEJTIxMW0xNCUyMTFtMTIlMjExbTMlMjExZDExNTgxLjAwNDI1MjkyNDI3OCUyMTJkOS40MjA2Mzk1MjUwNzgxNiUyMTNkNDcuOTI4MTk2ODUxOTk3NTA1JTIxMm0zJTIxMWYwJTIxMmYwJTIxM2YwJTIxM20yJTIxMWkxMDI0JTIxMmk3NjglMjE0ZjEzLjElMjE1ZTAlMjEzbTIlMjExc2RlJTIxMnNkZSUyMTR2MTUyODE4ODczODgyNyUyMiUyMHdpZHRoJTNEJTIyNjAwJTIyJTIwaGVpZ2h0JTNEJTIyNDUwJTIyJTIwZnJhbWVib3JkZXIlM0QlMjIwJTIyJTIwc3R5bGUlM0QlMjJib3JkZXIlM0EwJTIyJTIwYWxsb3dmdWxsc2NyZWVuJTNFJTNDJTJGaWZyYW1lJTNF&#8220;][\/vc_column][\/vc_row][vc_row full_width=&#8220;stretch_row_content&#8220; css=&#8220;.vc_custom_1532298422723{padding-right: 20px !important;padding-bottom: 100px !important;padding-left: 60px !important;background-position: center !important;background-repeat: no-repeat !important;background-size: cover !important;}&#8220;][vc_column width=&#8220;1\/3&#8243;][vc_column_text css=&#8220;.vc_custom_1531411854502{padding-bottom: 200px !important;background-position: center !important;background-repeat: no-repeat !important;background-size: cover !important;}&#8220;]<\/p>\n<div id=\"wcom-42114799823c416cef9b3545fffddbbd\" class=\"wcom-default w300x250\" style=\"border: 0px solid #CCC; background-color: #fcfcfc; border-radius: 5px;\">\n<p>&nbsp;<\/p>\n<div class=\"wcom-city\"><a style=\"color: #000;\" title=\"Wetter K\u00f6nigseggwald\" href=\"https:\/\/www.wetter.com\/deutschland\/koenigseggwald\/DE0005172.html\" target=\"_blank\" rel=\"nofollow noopener noreferrer\">Wetter K\u00f6nigseggwald<\/a><\/div>\n<div id=\"wcom-42114799823c416cef9b3545fffddbbd-weather\"><\/div>\n<p><script type=\"text\/javascript\" src=\"\/\/cs3.wettercomassets.com\/woys\/5\/js\/w.js\"><\/script><script type=\"text\/javascript\">_wcomWidget({id: 'wcom-42114799823c416cef9b3545fffddbbd',location: 'DE0005172',format: '300x250',type: 'summary'});<\/script><\/p>\n<\/div>\n<p>[\/vc_column_text][\/vc_column][vc_column width=&#8220;2\/3&#8243;][vc_single_image image=&#8220;2537&#8243; img_size=&#8220;full&#8220; alignment=&#8220;right&#8220; style=&#8220;vc_box_shadow_3d&#8220;][\/vc_column][\/vc_row][vc_row][vc_column][vc_column_text]<\/p>\n<\/div>\n<p>[\/vc_column_text][\/vc_column][\/vc_row]<\/p>\n","protected":false},"excerpt":{"rendered":"<p>[vc_row full_width=&#8220;stretch_row_content_no_spaces&#8220; parallax=&#8220;content-moving&#8220; parallax_image=&#8220;2152&#8243; css=&#8220;.vc_custom_1674223667172{padding-top: 450px !important;}&#8220;][vc_column][\/vc_column][\/vc_row][vc_row content_placement=&#8220;middle&#8220; css=&#8220;.vc_custom_1531409417977{margin-top: 40px !important;}&#8220;][vc_column][vc_column_text css=&#8220;.vc_custom_1705587311451{padding-bottom: 20px !important;}&#8220;] Ein<span class=\"excerpt-hellip\"> [\u2026]<\/span><\/p>\n","protected":false},"author":1,"featured_media":0,"parent":0,"menu_order":0,"comment_status":"closed","ping_status":"closed","template":"","meta":{"footnotes":""},"class_list":["post-212","page","type-page","status-publish","hentry"],"_links":{"self":[{"href":"https:\/\/koenigseggwald.de\/index.php\/wp-json\/wp\/v2\/pages\/212","targetHints":{"allow":["GET"]}}],"collection":[{"href":"https:\/\/koenigseggwald.de\/index.php\/wp-json\/wp\/v2\/pages"}],"about":[{"href":"https:\/\/koenigseggwald.de\/index.php\/wp-json\/wp\/v2\/types\/page"}],"author":[{"embeddable":true,"href":"https:\/\/koenigseggwald.de\/index.php\/wp-json\/wp\/v2\/users\/1"}],"replies":[{"embeddable":true,"href":"https:\/\/koenigseggwald.de\/index.php\/wp-json\/wp\/v2\/comments?post=212"}],"version-history":[{"count":14,"href":"https:\/\/koenigseggwald.de\/index.php\/wp-json\/wp\/v2\/pages\/212\/revisions"}],"predecessor-version":[{"id":5078,"href":"https:\/\/koenigseggwald.de\/index.php\/wp-json\/wp\/v2\/pages\/212\/revisions\/5078"}],"wp:attachment":[{"href":"https:\/\/koenigseggwald.de\/index.php\/wp-json\/wp\/v2\/media?parent=212"}],"curies":[{"name":"wp","href":"https:\/\/api.w.org\/{rel}","templated":true}]}}