{"id":2,"date":"2018-06-02T10:32:22","date_gmt":"2018-06-02T08:32:22","guid":{"rendered":"https:\/\/homepage-qkr4bkkudr.live-website.com\/web\/?page_id=2"},"modified":"2024-10-02T09:23:09","modified_gmt":"2024-10-02T07:23:09","slug":"rathaus","status":"publish","type":"page","link":"https:\/\/koenigseggwald.de\/index.php\/rathaus\/","title":{"rendered":"Rathaus &#8211; Gemeinderat"},"content":{"rendered":"<p>[vc_row full_width=&#8220;stretch_row_content_no_spaces&#8220; parallax=&#8220;content-moving-fade&#8220; parallax_image=&#8220;1805&#8243; css=&#8220;.vc_custom_1538068019796{padding-top: 200px !important;padding-bottom: 200px !important;}&#8220;][vc_column][\/vc_column][\/vc_row][vc_row][vc_column][vc_column_text]<\/p>\n<h3 style=\"text-align: left;\"><strong>Herzlich willkommen im Rathaus<\/strong><\/h3>\n<p style=\"text-align: left;\">Wir sind zu folgenden \u00d6ffnungszeiten gerne f\u00fcr Ihr Anliegen da:<\/p>\n<h4 style=\"text-align: left;\"><strong>Dienstag und Mittwoch 8.30 &#8211; 11.30 Uhr und Donnerstag von 14 &#8211; 18 Uhr.<\/strong><\/h4>\n<p style=\"text-align: left;\">Besuchen Sie uns in der\u00a0Hauptstra\u00dfe 17, 88376 K\u00f6nigseggwald,\u00a0rufen Sie uns an unter <strong>07587-95020<\/strong> (Fax 07587-95012)<br \/>\noder schreiben Sie uns eine <strong><a href=\"mailto:gemeinde@koenigseggwald.de\" target=\"_blank\" rel=\"noopener noreferrer\">E-Mail<\/a>.<\/strong><\/p>\n<p style=\"text-align: left;\">Wir freuen uns auf Sie!<\/p>\n<p>[\/vc_column_text][\/vc_column][\/vc_row][vc_row full_width=&#8220;stretch_row&#8220; css_animation=&#8220;none&#8220; css=&#8220;.vc_custom_1531241324911{background-color: rgba(129,215,66,0.29) !important;*background-color: rgb(129,215,66) !important;}&#8220;][vc_column width=&#8220;2\/3&#8243; css=&#8220;.vc_custom_1531934263174{padding-top: 150px !important;}&#8220;][vc_column_text]<\/p>\n<h3><b>Benedikt Endriss, B\u00fcrgermeister<\/b><\/h3>\n<p>Seit 2024 repr\u00e4sentiert B\u00fcrgermeister Benedikt Endriss K\u00f6nigseggwald nach au\u00dfen. Er vertritt die Gemeinde und ist Vorsitzender des Gemeinderats. Er ist in Ostrach aufgewachsen und lebt seit 2007 in K\u00f6nigseggwald. Er arbeitet als Polizeibeamter beim Polizeipr\u00e4sidium Ravensburg und vereinbart die ehrenamtliche Stelle des B\u00fcrgermeisters damit. B\u00fcrgermeister Endriss trat die Nachfolge von Roland Fuchs an, der nach 32 Jahren das Amt abgab.[\/vc_column_text][\/vc_column][vc_column width=&#8220;1\/3&#8243;]<div class=\"photo_box  without-desc\"><div class=\"image_frame\"><div class=\"image_wrapper\"><a href=\"mailto:gemeinde@koenigseggwald.de\" target=\"_blank\" title=\"\"><div class=\"mask\"><\/div><img loading=\"lazy\" decoding=\"async\" class=\"scale-with-grid\" src=\"https:\/\/koenigseggwald.de\/wp-content\/uploads\/2024\/01\/endriss_buergermeister-koenigseggwald.jpg\" alt=\"endriss_buergermeister-koenigseggwald\" width=\"1365\" height=\"2048\"\/><\/a><\/div><\/div><\/div>\n[\/vc_column][\/vc_row][vc_row][vc_column][vc_custom_heading text=&#8220;Der Gemeinderat&#8220; font_container=&#8220;tag:h2|text_align:center&#8220; google_fonts=&#8220;font_family:Roboto%3A100%2C100italic%2C300%2C300italic%2Cregular%2Citalic%2C500%2C500italic%2C700%2C700italic%2C900%2C900italic|font_style:700%20bold%20regular%3A700%3Anormal&#8220;][vc_column_text]<\/p>\n<p style=\"text-align: center;\">K\u00f6nigseggwald ist eine der Gemeinden in Baden-W\u00fcrttemberg, in der der Gemeinderat durch Verh\u00e4ltniswahl gew\u00e4hlt wurde.<\/p>\n<p style=\"text-align: center;\">Der Gemeinderat besteht aus acht Mitgliedern.<br \/>\nEr besteht aus den gew\u00e4hlten ehrenamtlichen Gemeinder\u00e4ten und dem B\u00fcrgermeister als Vorsitzendem.<br \/>\nDer B\u00fcrgermeister ist im Gemeinderat stimmberechtigt.[\/vc_column_text][\/vc_column][\/vc_row][vc_row full_width=&#8220;stretch_row_content&#8220; equal_height=&#8220;yes&#8220; content_placement=&#8220;middle&#8220; css_animation=&#8220;none&#8220; css=&#8220;.vc_custom_1531241403312{background-color: rgba(238,238,34,0.19) !important;*background-color: rgb(238,238,34) !important;}&#8220;][vc_column width=&#8220;1\/6&#8243;][\/vc_column][vc_column width=&#8220;1\/6&#8243; css=&#8220;.vc_custom_1531469657889{margin-top: 25px !important;}&#8220;]<div class=\"photo_box \"><div class=\"image_frame\"><div class=\"image_wrapper\"><div class=\"mask\"><\/div><img loading=\"lazy\" decoding=\"async\" class=\"scale-with-grid\" src=\"https:\/\/koenigseggwald.de\/wp-content\/uploads\/2024\/08\/Max-Graf-zu-Koenigsegg-Aulendorf_2024-neu.jpg\" alt=\"Max-Graf-zu-K\u00f6nigsegg-Aulendorf_2024-neu\" width=\"800\" height=\"1200\"\/><\/div><\/div><div class=\"desc\">Max Graf<br \/>\nzu K\u00f6nigsegg-Aulendorf<\/div><\/div>\n[\/vc_column][vc_column width=&#8220;1\/6&#8243;]<div class=\"photo_box \"><div class=\"image_frame\"><div class=\"image_wrapper\"><a href=\"mailto:thomas.fischer@vetter-pharma.com\" target=\"_blank\" title=\"\"><div class=\"mask\"><\/div><img loading=\"lazy\" decoding=\"async\" class=\"scale-with-grid\" src=\"https:\/\/koenigseggwald.de\/wp-content\/uploads\/2024\/08\/Fischer_Thomas_2024-neu.jpg\" alt=\"Fischer_Thomas_2024-neu\" width=\"800\" height=\"1200\"\/><\/a><\/div><\/div><div class=\"desc\">Thomas Fischer<\/div><\/div>\n[\/vc_column][vc_column width=&#8220;1\/6&#8243;]<div class=\"photo_box \"><div class=\"image_frame\"><div class=\"image_wrapper\"><a href=\"mailto:michael.gittinger@gmx.de\" target=\"_blank\" title=\"\"><div class=\"mask\"><\/div><img loading=\"lazy\" decoding=\"async\" class=\"scale-with-grid\" src=\"https:\/\/koenigseggwald.de\/wp-content\/uploads\/2024\/08\/Gittinger_Michael_2024-neu.jpg\" alt=\"Gittinger_Michael_2024-neu\" width=\"800\" height=\"1200\"\/><\/a><\/div><\/div><div class=\"desc\">Michael Gittinger<\/div><\/div>\n[\/vc_column][vc_column width=&#8220;1\/6&#8243;]<div class=\"photo_box \"><div class=\"image_frame\"><div class=\"image_wrapper\"><div class=\"mask\"><\/div><img loading=\"lazy\" decoding=\"async\" class=\"scale-with-grid\" src=\"https:\/\/koenigseggwald.de\/wp-content\/uploads\/2024\/08\/Buck_Stefanie_2024-neu.jpg\" alt=\"Buck_Stefanie_2024-neu\" width=\"800\" height=\"1200\"\/><\/div><\/div><div class=\"desc\">Stephanie Buck<\/div><\/div>\n[\/vc_column][vc_column width=&#8220;1\/6&#8243;][\/vc_column][\/vc_row][vc_row full_width=&#8220;stretch_row_content&#8220; equal_height=&#8220;yes&#8220; content_placement=&#8220;middle&#8220; css_animation=&#8220;none&#8220; css=&#8220;.vc_custom_1531241449853{background-color: rgba(238,238,34,0.19) !important;*background-color: rgb(238,238,34) !important;}&#8220;][vc_column width=&#8220;1\/6&#8243;][\/vc_column][vc_column width=&#8220;1\/6&#8243;]<div class=\"photo_box \"><div class=\"image_frame\"><div class=\"image_wrapper\"><div class=\"mask\"><\/div><img loading=\"lazy\" decoding=\"async\" class=\"scale-with-grid\" src=\"https:\/\/koenigseggwald.de\/wp-content\/uploads\/2024\/08\/Haerle_Martin_2024-neu.jpg\" alt=\"Haerle_Martin_2024-neu\" width=\"800\" height=\"1200\"\/><\/div><\/div><div class=\"desc\">Martin Haerle<\/div><\/div>\n[\/vc_column][vc_column width=&#8220;1\/6&#8243;]<div class=\"photo_box \"><div class=\"image_frame\"><div class=\"image_wrapper\"><a href=\"mailto:mueller-schlegel@t-online.de\" target=\"_blank\" title=\"\"><div class=\"mask\"><\/div><img loading=\"lazy\" decoding=\"async\" class=\"scale-with-grid\" src=\"https:\/\/koenigseggwald.de\/wp-content\/uploads\/2024\/08\/Schlegel_Rolf_2024-neu.jpg\" alt=\"Schlegel_Rolf_2024-neu\" width=\"800\" height=\"1200\"\/><\/a><\/div><\/div><div class=\"desc\">Rolf Schlegel<\/div><\/div>\n[\/vc_column][vc_column width=&#8220;1\/6&#8243;]<div class=\"photo_box \"><div class=\"image_frame\"><div class=\"image_wrapper\"><div class=\"mask\"><\/div><img loading=\"lazy\" decoding=\"async\" class=\"scale-with-grid\" src=\"https:\/\/koenigseggwald.de\/wp-content\/uploads\/2024\/08\/Rehm_Stefan_2024-neu.jpg\" alt=\"Rehm_Stefan_2024-neu\" width=\"800\" height=\"1200\"\/><\/div><\/div><div class=\"desc\">Stefan Rehm<\/div><\/div>\n[\/vc_column][vc_column width=&#8220;1\/6&#8243;]<div class=\"photo_box \"><div class=\"image_frame\"><div class=\"image_wrapper\"><a href=\"mailto:michirimmi@web.de\" target=\"_blank\" title=\"\"><div class=\"mask\"><\/div><img loading=\"lazy\" decoding=\"async\" class=\"scale-with-grid\" src=\"https:\/\/koenigseggwald.de\/wp-content\/uploads\/2024\/08\/Rimmele_Michael_2024-neu.jpg\" alt=\"Rimmele_Michael_2024-neu\" width=\"800\" height=\"1200\"\/><\/a><\/div><\/div><div class=\"desc\">Michael Rimmele<\/div><\/div>\n[\/vc_column][\/vc_row][vc_row][vc_column][\/vc_column][\/vc_row][vc_row full_width=&#8220;stretch_row_content&#8220; equal_height=&#8220;yes&#8220; css_animation=&#8220;none&#8220; css=&#8220;.vc_custom_1531240530004{background-color: rgba(129,215,66,0.29) !important;*background-color: rgb(129,215,66) !important;}&#8220;][vc_column width=&#8220;1\/6&#8243;][\/vc_column][vc_column width=&#8220;1\/6&#8243;]<div class=\"photo_box \"><div class=\"image_frame\"><div class=\"image_wrapper\"><a href=\"mailto:ulrike.menner@koenigseggwald.de\" target=\"_blank\" title=\"\"><div class=\"mask\"><\/div><img loading=\"lazy\" decoding=\"async\" class=\"scale-with-grid\" src=\"https:\/\/koenigseggwald.de\/wp-content\/uploads\/2018\/07\/IMG_2842.jpg\" alt=\"IMG_2842\" width=\"800\" height=\"1200\"\/><\/a><\/div><\/div><div class=\"desc\"><b>Ulrike Menner <\/b>Gemeindesekret\u00e4rin<\/div><\/div>\n[\/vc_column][vc_column width=&#8220;1\/6&#8243;][vc_column_text]<strong>Ulrike Menner<\/strong> waltet seit 2015 im Gemeindeb\u00fcro.<\/p>\n<p>Sie ist nicht ausschlie\u00dflich f\u00fcr amtliche Belange des B\u00fcrgermeisters und verwaltungstechnische Aufgaben zust\u00e4ndig, sondern hat auch stets ein Ohr f\u00fcr die Besucher.<\/p>\n<p>Neben Meldeverfahren und administrativen Aufgaben f\u00fcr das Dorf, gibt Frau Menner auch gerne Auskunft zu vielen Belangen, die das Leben in K\u00f6nigseggwald lebenswert gestalten.[\/vc_column_text][\/vc_column][vc_column width=&#8220;1\/6&#8243;]<div class=\"photo_box \"><div class=\"image_frame\"><div class=\"image_wrapper\"><div class=\"mask\"><\/div><img loading=\"lazy\" decoding=\"async\" class=\"scale-with-grid\" src=\"https:\/\/koenigseggwald.de\/wp-content\/uploads\/2018\/07\/IMG_3418.jpg\" alt=\"IMG_3418\" width=\"800\" height=\"1200\"\/><\/div><\/div><div class=\"desc\"><b>Werner Keller<\/b> Gemeindearbeiter<\/div><\/div>\n[\/vc_column][vc_column width=&#8220;1\/6&#8243;][vc_column_text]<strong>Werner Keller<\/strong> gibt unserem Dorf und unserem Rathaus sein \u00c4u\u00dferes.<\/p>\n<p>Als Landschaftsg\u00e4rtner pflegt er das \u00f6ffentliche Gr\u00fcn, um auch den Augen des Betrachters Erholung in der Natur zu bieten. In erster Linie aber ist er der Facility-Manager unseres Dorfes, \u00fcbernimmt Aufgaben des Bauhofes und k\u00fcmmert sich darum, dass K\u00f6nigseggwald weiterhin ein anschauliches und liebenswertes Dorf bleibt.[\/vc_column_text][\/vc_column][\/vc_row]<\/p>\n","protected":false},"excerpt":{"rendered":"<p>\u00d6ffnungszeiten:<br \/>\nDienstag und Mittwoch 8.30-11.30 Uhr und Donnerstag von 14-18 Uhr.<\/p>\n","protected":false},"author":1,"featured_media":928,"parent":0,"menu_order":0,"comment_status":"closed","ping_status":"open","template":"","meta":{"footnotes":""},"class_list":["post-2","page","type-page","status-publish","has-post-thumbnail","hentry","categories-buerger"],"_links":{"self":[{"href":"https:\/\/koenigseggwald.de\/index.php\/wp-json\/wp\/v2\/pages\/2","targetHints":{"allow":["GET"]}}],"collection":[{"href":"https:\/\/koenigseggwald.de\/index.php\/wp-json\/wp\/v2\/pages"}],"about":[{"href":"https:\/\/koenigseggwald.de\/index.php\/wp-json\/wp\/v2\/types\/page"}],"author":[{"embeddable":true,"href":"https:\/\/koenigseggwald.de\/index.php\/wp-json\/wp\/v2\/users\/1"}],"replies":[{"embeddable":true,"href":"https:\/\/koenigseggwald.de\/index.php\/wp-json\/wp\/v2\/comments?post=2"}],"version-history":[{"count":21,"href":"https:\/\/koenigseggwald.de\/index.php\/wp-json\/wp\/v2\/pages\/2\/revisions"}],"predecessor-version":[{"id":5209,"href":"https:\/\/koenigseggwald.de\/index.php\/wp-json\/wp\/v2\/pages\/2\/revisions\/5209"}],"wp:featuredmedia":[{"embeddable":true,"href":"https:\/\/koenigseggwald.de\/index.php\/wp-json\/wp\/v2\/media\/928"}],"wp:attachment":[{"href":"https:\/\/koenigseggwald.de\/index.php\/wp-json\/wp\/v2\/media?parent=2"}],"curies":[{"name":"wp","href":"https:\/\/api.w.org\/{rel}","templated":true}]}}